{"id":6076,"date":"2026-04-16T09:01:56","date_gmt":"2026-04-16T07:01:56","guid":{"rendered":"https:\/\/vitensenternordland.no\/schools-and-kindergartens\/"},"modified":"2026-04-17T10:05:39","modified_gmt":"2026-04-17T08:05:39","slug":"schools-and-kindergartens","status":"publish","type":"page","link":"https:\/\/vitensenternordland.no\/en\/schools-and-kindergartens\/","title":{"rendered":"Schools and Kindergartens"},"content":{"rendered":"\n<h1>\n\t\t\tSkole og barnehage\t<\/h1>\n\t<p>Gjennom lekende og utforskende l\u00e6ring f\u00e5r barn og elever arbeide med matematikk, naturvitenskap og teknologi gjennom praktiske og interaktive opplegg.<\/p>\n<p><br data-start=\"850\" data-end=\"853\" \/>Velg riktig trinn under for \u00e5 se formidlingstilbudet.<\/p>\n\t\t\t\t<img decoding=\"async\" src=\"https:\/\/vitensenternordland.no\/wp-content\/plugins\/bb-plugin\/img\/pixel.png\" alt=\"\" itemprop=\"image\" onerror=\"this.style.display='none'\" loading=\"lazy\" \/>\n<h3>\n\t\t\tVelg trinn\t<\/h3>\n\t\t\t<a href=\"https:\/\/vitensenternordland.no\/skole-barnehage\/barnehage\/\" target=\"_self\">\n\t\t\t\t\t\t\tTILBUD TIL BARNEHAGE\n\t\t\t\t\t<\/a>\n\t\t\t<a href=\"https:\/\/vitensenternordland.no\/skole-barnehage\/smatrinn\/\" target=\"_self\">\n\t\t\t\t\t\t\tTILBUD TIL SM\u00c5TRINN\n\t\t\t\t\t<\/a>\n\t\t\t<a href=\"https:\/\/vitensenternordland.no\/skole-barnehage\/mellomtrinn\/\" target=\"_self\">\n\t\t\t\t\t\t\tTILBUD TIL MELLOMTRINN\n\t\t\t\t\t<\/a>\n\t\t\t<a href=\"https:\/\/vitensenternordland.no\/skole-barnehage\/ungdomsskole\/\" target=\"_self\">\n\t\t\t\t\t\t\tTILBUD TIL UNGDOMSTRINN\n\t\t\t\t\t<\/a>\n\t\t\t<a href=\"https:\/\/vitensenternordland.no\/skole-barnehage\/videregaende\/\" target=\"_self\">\n\t\t\t\t\t\t\tTILBUD TIL VIDEREG\u00c5ENDE\n\t\t\t\t\t<\/a>\n\t<p>Elevene f\u00e5r utforske fenomener knyttet til natur, milj\u00f8 og helse gjennom v\u00e5re interaktive modeller.<br data-start=\"897\" data-end=\"900\" \/>Hos oss handler det ikke bare om \u00e5 se &#8211; men om \u00e5 kjenne, teste, bygge og utforske sammen med v\u00e5re formidlere.<\/p>\n<h2>\n\t\t\tDette tilbyr vi\t<\/h2>\n\t<ul>\n<li data-start=\"1037\" data-end=\"1113\">Undervisningsopplegg tilpasset barnehage, grunnskole og videreg\u00e5ende skole<\/li>\n<li data-start=\"1116\" data-end=\"1154\">Opplegg basert p\u00e5 ramme- og l\u00e6replan<\/li>\n<li data-start=\"1157\" data-end=\"1241\">Bes\u00f8k hos Vitensenter Nordland eller opplegg gjennomf\u00f8rt hos skole eller barnehage<\/li>\n<li data-start=\"1244\" data-end=\"1347\">Kurs og kompetanseheving for l\u00e6rere, blant annet innen programmering og praktisk realfagsundervisning<\/li>\n<\/ul>\n<h2>\n\t\t\tKurs for l\u00e6rere\t<\/h2>\n\t<p>Vi tilbyr kurs og kompetanseheving for l\u00e6rere og ansatte i barnehage og skole.<\/p>\n\t<blockquote>\nJobber dere med et realfaglig tema, eller har en id\u00e9 dere \u00f8nsker \u00e5 utvikle videre?<br data-start=\"2633\" data-end=\"2636\" \/>Vi er \u00e5pne for samarbeid og tilpasning av opplegg &#8211; ta gjerne kontakt for en prat.\n<\/blockquote>\n\t\t\t<a href=\"https:\/\/vitensenternordland.no\/kurs-for-laerere\/\" target=\"_self\">\n\t\t\t\t\t\t\tKurs for l\u00e6rere\n\t\t\t\t\t<\/a>\n<h2>\n\t\t\tPriser og Praktisk informasjon\t<\/h2>\n\tHer finner du informasjon om priser, varighet, gruppest\u00f8rrelse og praktisk gjennomf\u00f8ring av bes\u00f8k i utstillingen.\n\t\t\t<a href=\"https:\/\/vitensenternordland.no\/besok-oss\/skoler-og-barnehager\/\" target=\"_self\">\n\t\t\t\t\t\t\tPraktisk informasjon\n\t\t\t\t\t<\/a>\n<h2>\n\t\t\tNewton Rana\t<\/h2>\n\tNewton Rana er en felles l\u00e6ringsarena for barn og unge i Rana, med praktisk undervisning i matematikk, naturfag og teknologi.\nGjennom modulbaserte undervisningsopplegg f\u00e5r elevene jobbe utforskende med reelle problemstillinger i egne Newton-lokaler &#8211; i tett samspill med l\u00e6replanen.\nNewton-rommet eies og driftes av Vitensenter Nordland i samarbeid med Rana Kommune, og kan benyttes av skoler etter avtale og kapasitet.\n\t\t\t<a href=\"https:\/\/newtonroom.com\/no\/newton-rom\/newton-rana\" target=\"_self\">\n\t\t\t\t\t\t\tBestill undervisning hos Newton Rana\n\t\t\t\t\t<\/a>\n\t\t\t\t<img decoding=\"async\" src=\"https:\/\/vitensenternordland.no\/wp-content\/uploads\/2020\/09\/img_6070-e1601405999126.jpeg\" alt=\"Elever som deltar p\u00e5 Forskerfabrikken hos Vitensenter Nordland\" itemprop=\"image\" height=\"1280\" width=\"1470\" title=\"Vitensenter Nordland\" onerror=\"this.style.display='none'\" loading=\"lazy\" \/>\n<h2>\n\t\t\tKontakt oss\t<\/h2>\n\tHar du sp\u00f8rsm\u00e5l eller \u00f8nsker \u00e5 bestille et bes\u00f8k for skole eller barnehage, ta gjerne kontakt.\n\n\ud83d\udce7 <a rel=\"noopener\" data-start=\"3452\" data-end=\"3479\">post@vitensenternordland.no<\/a><br data-start=\"3479\" data-end=\"3482\" \/>\ud83d\udcde\u00a0 907 06 200\n\n","protected":false},"excerpt":{"rendered":"<p>Skole og barnehage Gjennom lekende og utforskende l\u00e6ring f\u00e5r barn og elever arbeide med matematikk, naturvitenskap og teknologi gjennom praktiske og interaktive opplegg. Velg riktig trinn under for \u00e5 se formidlingstilbudet. Velg trinn TILBUD TIL BARNEHAGE TILBUD TIL SM\u00c5TRINN TILBUD TIL MELLOMTRINN TILBUD TIL UNGDOMSTRINN TILBUD TIL VIDEREG\u00c5ENDE Elevene f\u00e5r utforske fenomener knyttet til natur,&hellip;<\/p>\n","protected":false},"author":8,"featured_media":2027,"parent":0,"menu_order":18,"comment_status":"closed","ping_status":"closed","template":"","meta":{"_acf_changed":false,"_analytify_skip_tracking":false,"footnotes":""},"hovedside":[71],"infoside":[63],"class_list":["post-6076","page","type-page","status-publish","has-post-thumbnail","hentry","hovedside-school-kindergarten","infoside-yes"],"acf":[],"yoast_head":"<!-- This site is optimized with the Yoast SEO plugin v27.2 - https:\/\/yoast.com\/product\/yoast-seo-wordpress\/ -->\n<title>Schools and Kindergartens - Vitensenter Nordland<\/title>\n<meta name=\"description\" content=\"Discover our educational programs and school services at Vitensenter Nordland. Give students a unique and enriching learning experience. Learn more about our school services and plan your visit here.\" \/>\n<meta name=\"robots\" content=\"index, follow, max-snippet:-1, max-image-preview:large, max-video-preview:-1\" \/>\n<link rel=\"canonical\" href=\"https:\/\/vitensenternordland.no\/en\/schools-and-kindergartens\/\" \/>\n<meta property=\"og:locale\" content=\"en_US\" \/>\n<meta property=\"og:type\" content=\"article\" \/>\n<meta property=\"og:title\" content=\"Schools and Kindergartens - Vitensenter Nordland\" \/>\n<meta property=\"og:description\" content=\"Discover our educational programs and school services at Vitensenter Nordland. Give students a unique and enriching learning experience. Learn more about our school services and plan your visit here.\" \/>\n<meta property=\"og:url\" content=\"https:\/\/vitensenternordland.no\/en\/schools-and-kindergartens\/\" \/>\n<meta property=\"og:site_name\" content=\"Vitensenter Nordland\" \/>\n<meta property=\"article:publisher\" content=\"https:\/\/www.facebook.com\/VitensenterNordland\" \/>\n<meta property=\"article:modified_time\" content=\"2026-04-17T08:05:39+00:00\" \/>\n<meta property=\"og:image\" content=\"https:\/\/vitensenternordland.no\/wp-content\/uploads\/2021\/01\/louise_microbit_splash.jpg\" \/>\n\t<meta property=\"og:image:width\" content=\"1280\" \/>\n\t<meta property=\"og:image:height\" content=\"720\" \/>\n\t<meta property=\"og:image:type\" content=\"image\/jpeg\" \/>\n<meta name=\"twitter:card\" content=\"summary_large_image\" \/>\n<meta name=\"twitter:label1\" content=\"Est. reading time\" \/>\n\t<meta name=\"twitter:data1\" content=\"2 minutes\" \/>\n<script type=\"application\/ld+json\" class=\"yoast-schema-graph\">{\"@context\":\"https:\/\/schema.org\",\"@graph\":[{\"@type\":\"WebPage\",\"@id\":\"https:\/\/vitensenternordland.no\/en\/schools-and-kindergartens\/\",\"url\":\"https:\/\/vitensenternordland.no\/en\/schools-and-kindergartens\/\",\"name\":\"Schools and Kindergartens - Vitensenter Nordland\",\"isPartOf\":{\"@id\":\"https:\/\/vitensenternordland.no\/en\/#website\"},\"primaryImageOfPage\":{\"@id\":\"https:\/\/vitensenternordland.no\/en\/schools-and-kindergartens\/#primaryimage\"},\"image\":{\"@id\":\"https:\/\/vitensenternordland.no\/en\/schools-and-kindergartens\/#primaryimage\"},\"thumbnailUrl\":\"https:\/\/vitensenternordland.no\/wp-content\/uploads\/2021\/01\/louise_microbit_splash.jpg\",\"datePublished\":\"2026-04-16T07:01:56+00:00\",\"dateModified\":\"2026-04-17T08:05:39+00:00\",\"description\":\"Discover our educational programs and school services at Vitensenter Nordland. Give students a unique and enriching learning experience. Learn more about our school services and plan your visit here.\",\"breadcrumb\":{\"@id\":\"https:\/\/vitensenternordland.no\/en\/schools-and-kindergartens\/#breadcrumb\"},\"inLanguage\":\"en-US\",\"potentialAction\":[{\"@type\":\"ReadAction\",\"target\":[\"https:\/\/vitensenternordland.no\/en\/schools-and-kindergartens\/\"]}]},{\"@type\":\"ImageObject\",\"inLanguage\":\"en-US\",\"@id\":\"https:\/\/vitensenternordland.no\/en\/schools-and-kindergartens\/#primaryimage\",\"url\":\"https:\/\/vitensenternordland.no\/wp-content\/uploads\/2021\/01\/louise_microbit_splash.jpg\",\"contentUrl\":\"https:\/\/vitensenternordland.no\/wp-content\/uploads\/2021\/01\/louise_microbit_splash.jpg\",\"width\":1280,\"height\":720,\"caption\":\"Super:bit\"},{\"@type\":\"BreadcrumbList\",\"@id\":\"https:\/\/vitensenternordland.no\/en\/schools-and-kindergartens\/#breadcrumb\",\"itemListElement\":[{\"@type\":\"ListItem\",\"position\":1,\"name\":\"Hjem\",\"item\":\"https:\/\/vitensenternordland.no\/en\/\"},{\"@type\":\"ListItem\",\"position\":2,\"name\":\"Schools and Kindergartens\"}]},{\"@type\":\"WebSite\",\"@id\":\"https:\/\/vitensenternordland.no\/en\/#website\",\"url\":\"https:\/\/vitensenternordland.no\/en\/\",\"name\":\"Vitensenter Nordland\",\"description\":\"Utforskende l\u00e6ring\",\"publisher\":{\"@id\":\"https:\/\/vitensenternordland.no\/en\/#organization\"},\"potentialAction\":[{\"@type\":\"SearchAction\",\"target\":{\"@type\":\"EntryPoint\",\"urlTemplate\":\"https:\/\/vitensenternordland.no\/en\/?s={search_term_string}\"},\"query-input\":{\"@type\":\"PropertyValueSpecification\",\"valueRequired\":true,\"valueName\":\"search_term_string\"}}],\"inLanguage\":\"en-US\"},{\"@type\":\"Organization\",\"@id\":\"https:\/\/vitensenternordland.no\/en\/#organization\",\"name\":\"Vitensenter Nordland\",\"url\":\"https:\/\/vitensenternordland.no\/en\/\",\"logo\":{\"@type\":\"ImageObject\",\"inLanguage\":\"en-US\",\"@id\":\"https:\/\/vitensenternordland.no\/en\/#\/schema\/logo\/image\/\",\"url\":\"https:\/\/vitensenternordland.no\/wp-content\/uploads\/2020\/05\/vitensenter_staende_stor.png\",\"contentUrl\":\"https:\/\/vitensenternordland.no\/wp-content\/uploads\/2020\/05\/vitensenter_staende_stor.png\",\"width\":2000,\"height\":1883,\"caption\":\"Vitensenter Nordland\"},\"image\":{\"@id\":\"https:\/\/vitensenternordland.no\/en\/#\/schema\/logo\/image\/\"},\"sameAs\":[\"https:\/\/www.facebook.com\/VitensenterNordland\",\"https:\/\/www.instagram.com\/vitensenternordland\/\"]}]}<\/script>\n<!-- \/ Yoast SEO plugin. -->","yoast_head_json":{"title":"Schools and Kindergartens - Vitensenter Nordland","description":"Discover our educational programs and school services at Vitensenter Nordland. Give students a unique and enriching learning experience. Learn more about our school services and plan your visit here.","robots":{"index":"index","follow":"follow","max-snippet":"max-snippet:-1","max-image-preview":"max-image-preview:large","max-video-preview":"max-video-preview:-1"},"canonical":"https:\/\/vitensenternordland.no\/en\/schools-and-kindergartens\/","og_locale":"en_US","og_type":"article","og_title":"Schools and Kindergartens - Vitensenter Nordland","og_description":"Discover our educational programs and school services at Vitensenter Nordland. Give students a unique and enriching learning experience. Learn more about our school services and plan your visit here.","og_url":"https:\/\/vitensenternordland.no\/en\/schools-and-kindergartens\/","og_site_name":"Vitensenter Nordland","article_publisher":"https:\/\/www.facebook.com\/VitensenterNordland","article_modified_time":"2026-04-17T08:05:39+00:00","og_image":[{"width":1280,"height":720,"url":"https:\/\/vitensenternordland.no\/wp-content\/uploads\/2021\/01\/louise_microbit_splash.jpg","type":"image\/jpeg"}],"twitter_card":"summary_large_image","twitter_misc":{"Est. reading time":"2 minutes"},"schema":{"@context":"https:\/\/schema.org","@graph":[{"@type":"WebPage","@id":"https:\/\/vitensenternordland.no\/en\/schools-and-kindergartens\/","url":"https:\/\/vitensenternordland.no\/en\/schools-and-kindergartens\/","name":"Schools and Kindergartens - Vitensenter Nordland","isPartOf":{"@id":"https:\/\/vitensenternordland.no\/en\/#website"},"primaryImageOfPage":{"@id":"https:\/\/vitensenternordland.no\/en\/schools-and-kindergartens\/#primaryimage"},"image":{"@id":"https:\/\/vitensenternordland.no\/en\/schools-and-kindergartens\/#primaryimage"},"thumbnailUrl":"https:\/\/vitensenternordland.no\/wp-content\/uploads\/2021\/01\/louise_microbit_splash.jpg","datePublished":"2026-04-16T07:01:56+00:00","dateModified":"2026-04-17T08:05:39+00:00","description":"Discover our educational programs and school services at Vitensenter Nordland. Give students a unique and enriching learning experience. Learn more about our school services and plan your visit here.","breadcrumb":{"@id":"https:\/\/vitensenternordland.no\/en\/schools-and-kindergartens\/#breadcrumb"},"inLanguage":"en-US","potentialAction":[{"@type":"ReadAction","target":["https:\/\/vitensenternordland.no\/en\/schools-and-kindergartens\/"]}]},{"@type":"ImageObject","inLanguage":"en-US","@id":"https:\/\/vitensenternordland.no\/en\/schools-and-kindergartens\/#primaryimage","url":"https:\/\/vitensenternordland.no\/wp-content\/uploads\/2021\/01\/louise_microbit_splash.jpg","contentUrl":"https:\/\/vitensenternordland.no\/wp-content\/uploads\/2021\/01\/louise_microbit_splash.jpg","width":1280,"height":720,"caption":"Super:bit"},{"@type":"BreadcrumbList","@id":"https:\/\/vitensenternordland.no\/en\/schools-and-kindergartens\/#breadcrumb","itemListElement":[{"@type":"ListItem","position":1,"name":"Hjem","item":"https:\/\/vitensenternordland.no\/en\/"},{"@type":"ListItem","position":2,"name":"Schools and Kindergartens"}]},{"@type":"WebSite","@id":"https:\/\/vitensenternordland.no\/en\/#website","url":"https:\/\/vitensenternordland.no\/en\/","name":"Vitensenter Nordland","description":"Utforskende l\u00e6ring","publisher":{"@id":"https:\/\/vitensenternordland.no\/en\/#organization"},"potentialAction":[{"@type":"SearchAction","target":{"@type":"EntryPoint","urlTemplate":"https:\/\/vitensenternordland.no\/en\/?s={search_term_string}"},"query-input":{"@type":"PropertyValueSpecification","valueRequired":true,"valueName":"search_term_string"}}],"inLanguage":"en-US"},{"@type":"Organization","@id":"https:\/\/vitensenternordland.no\/en\/#organization","name":"Vitensenter Nordland","url":"https:\/\/vitensenternordland.no\/en\/","logo":{"@type":"ImageObject","inLanguage":"en-US","@id":"https:\/\/vitensenternordland.no\/en\/#\/schema\/logo\/image\/","url":"https:\/\/vitensenternordland.no\/wp-content\/uploads\/2020\/05\/vitensenter_staende_stor.png","contentUrl":"https:\/\/vitensenternordland.no\/wp-content\/uploads\/2020\/05\/vitensenter_staende_stor.png","width":2000,"height":1883,"caption":"Vitensenter Nordland"},"image":{"@id":"https:\/\/vitensenternordland.no\/en\/#\/schema\/logo\/image\/"},"sameAs":["https:\/\/www.facebook.com\/VitensenterNordland","https:\/\/www.instagram.com\/vitensenternordland\/"]}]}},"_links":{"self":[{"href":"https:\/\/vitensenternordland.no\/en\/wp-json\/wp\/v2\/pages\/6076","targetHints":{"allow":["GET"]}}],"collection":[{"href":"https:\/\/vitensenternordland.no\/en\/wp-json\/wp\/v2\/pages"}],"about":[{"href":"https:\/\/vitensenternordland.no\/en\/wp-json\/wp\/v2\/types\/page"}],"author":[{"embeddable":true,"href":"https:\/\/vitensenternordland.no\/en\/wp-json\/wp\/v2\/users\/8"}],"replies":[{"embeddable":true,"href":"https:\/\/vitensenternordland.no\/en\/wp-json\/wp\/v2\/comments?post=6076"}],"version-history":[{"count":0,"href":"https:\/\/vitensenternordland.no\/en\/wp-json\/wp\/v2\/pages\/6076\/revisions"}],"wp:featuredmedia":[{"embeddable":true,"href":"https:\/\/vitensenternordland.no\/en\/wp-json\/wp\/v2\/media\/2027"}],"wp:attachment":[{"href":"https:\/\/vitensenternordland.no\/en\/wp-json\/wp\/v2\/media?parent=6076"}],"wp:term":[{"taxonomy":"hovedside","embeddable":true,"href":"https:\/\/vitensenternordland.no\/en\/wp-json\/wp\/v2\/hovedside?post=6076"},{"taxonomy":"infoside","embeddable":true,"href":"https:\/\/vitensenternordland.no\/en\/wp-json\/wp\/v2\/infoside?post=6076"}],"curies":[{"name":"wp","href":"https:\/\/api.w.org\/{rel}","templated":true}]}}