{"id":6067,"date":"2026-04-10T08:04:32","date_gmt":"2026-04-10T06:04:32","guid":{"rendered":"https:\/\/vitensenternordland.no\/upper-secondary\/"},"modified":"2026-04-17T10:05:38","modified_gmt":"2026-04-17T08:05:38","slug":"upper-secondary","status":"publish","type":"page","link":"https:\/\/vitensenternordland.no\/en\/upper-secondary\/","title":{"rendered":"Upper Secondary"},"content":{"rendered":"\n\n\t<p>Inspirer elever p\u00e5 videreg\u00e5ende til \u00e5 utforske fremtidens teknologi og vitenskap hos Vitensenter Nordland! Vi tilbyr avanserte aktiviteter og workshops som kombinerer teori med praktisk l\u00e6ring, rettet mot fag som fysikk, kjemi, teknologi og realfag.<\/p>\n<p>V\u00e5re tilbud engasjerer og utfordrer elevene til \u00e5 tenke kritisk, samarbeide og utforske l\u00f8sninger p\u00e5 reelle problemstillinger. Perfekt for studieturer og faglige temadager. Kontakt oss for \u00e5 l\u00e6re mer om v\u00e5rt videreg\u00e5endetilbud!<\/p>\n\t\t\t<a href=\"https:\/\/vitensenternordland.no\/informasjon\/ansatte\/\" target=\"_self\">\n\t\t\t\t\t\t\tKontakt oss\n\t\t\t\t\t<\/a>\n\t\t\t<a href=\"https:\/\/vitensenternordland.no\/besok-oss\/skoler-og-barnehager\/\" target=\"_self\">\n\t\t\t\t\t\t\tPraktisk informasjon og priser\n\t\t\t\t\t<\/a>\n\t\t\t<a href=\"https:\/\/vitensenternordland.no\/skole-barnehage\/barnehage\/\" target=\"_self\">\n\t\t\t\t\t\t\tTILBUD TIL BARNEHAGE\n\t\t\t\t\t<\/a>\n\t\t\t<a href=\"https:\/\/vitensenternordland.no\/skole-barnehage\/smatrinn\/\" target=\"_self\">\n\t\t\t\t\t\t\tTILBUD TIL SM\u00c5TRINN\n\t\t\t\t\t<\/a>\n\t\t\t<a href=\"https:\/\/vitensenternordland.no\/skole-barnehage\/mellomtrinn\/\" target=\"_self\">\n\t\t\t\t\t\t\tTILBUD TIL MELLOMTRINN\n\t\t\t\t\t<\/a>\n\t\t\t<a href=\"https:\/\/vitensenternordland.no\/skole-barnehage\/ungdomsskole\/\" target=\"_self\">\n\t\t\t\t\t\t\tTILBUD TIL UNGDOMSTRINN\n\t\t\t\t\t<\/a>\n\n","protected":false},"excerpt":{"rendered":"<p>Inspirer elever p\u00e5 videreg\u00e5ende til \u00e5 utforske fremtidens teknologi og vitenskap hos Vitensenter Nordland! Vi tilbyr avanserte aktiviteter og workshops som kombinerer teori med praktisk l\u00e6ring, rettet mot fag som fysikk, kjemi, teknologi og realfag. V\u00e5re tilbud engasjerer og utfordrer elevene til \u00e5 tenke kritisk, samarbeide og utforske l\u00f8sninger p\u00e5 reelle problemstillinger. Perfekt for studieturer&hellip;<\/p>\n","protected":false},"author":5,"featured_media":1878,"parent":0,"menu_order":5,"comment_status":"closed","ping_status":"closed","template":"","meta":{"_acf_changed":false,"_analytify_skip_tracking":false,"footnotes":""},"hovedside":[71],"infoside":[63],"class_list":["post-6067","page","type-page","status-publish","has-post-thumbnail","hentry","hovedside-school-kindergarten","infoside-yes"],"acf":[],"yoast_head":"<!-- This site is optimized with the Yoast SEO plugin v27.2 - https:\/\/yoast.com\/product\/yoast-seo-wordpress\/ -->\n<title>Upper Secondary - Vitensenter Nordland<\/title>\n<meta name=\"description\" content=\"Experience engaging learning activities for upper primary students at Vitensenter Nordland - where technology, digitalisation, and sustainability come to life in practice.\" \/>\n<meta name=\"robots\" content=\"index, follow, max-snippet:-1, max-image-preview:large, max-video-preview:-1\" \/>\n<link rel=\"canonical\" href=\"https:\/\/vitensenternordland.no\/en\/upper-secondary\/\" \/>\n<meta property=\"og:locale\" content=\"en_US\" \/>\n<meta property=\"og:type\" content=\"article\" \/>\n<meta property=\"og:title\" content=\"Upper Secondary - Vitensenter Nordland\" \/>\n<meta property=\"og:description\" content=\"Experience engaging learning activities for upper primary students at Vitensenter Nordland - where technology, digitalisation, and sustainability come to life in practice.\" \/>\n<meta property=\"og:url\" content=\"https:\/\/vitensenternordland.no\/en\/upper-secondary\/\" \/>\n<meta property=\"og:site_name\" content=\"Vitensenter Nordland\" \/>\n<meta property=\"article:publisher\" content=\"https:\/\/www.facebook.com\/VitensenterNordland\" \/>\n<meta property=\"article:modified_time\" content=\"2026-04-17T08:05:38+00:00\" \/>\n<meta property=\"og:image\" content=\"https:\/\/vitensenternordland.no\/wp-content\/uploads\/2020\/09\/michael-dziedzic-dehhhottsdk-unsplash.jpg\" \/>\n\t<meta property=\"og:image:width\" content=\"2000\" \/>\n\t<meta property=\"og:image:height\" content=\"1572\" \/>\n\t<meta property=\"og:image:type\" content=\"image\/jpeg\" \/>\n<meta name=\"twitter:card\" content=\"summary_large_image\" \/>\n<script type=\"application\/ld+json\" class=\"yoast-schema-graph\">{\"@context\":\"https:\/\/schema.org\",\"@graph\":[{\"@type\":\"WebPage\",\"@id\":\"https:\/\/vitensenternordland.no\/en\/upper-secondary\/\",\"url\":\"https:\/\/vitensenternordland.no\/en\/upper-secondary\/\",\"name\":\"Upper Secondary - Vitensenter Nordland\",\"isPartOf\":{\"@id\":\"https:\/\/vitensenternordland.no\/en\/#website\"},\"primaryImageOfPage\":{\"@id\":\"https:\/\/vitensenternordland.no\/en\/upper-secondary\/#primaryimage\"},\"image\":{\"@id\":\"https:\/\/vitensenternordland.no\/en\/upper-secondary\/#primaryimage\"},\"thumbnailUrl\":\"https:\/\/vitensenternordland.no\/wp-content\/uploads\/2020\/09\/michael-dziedzic-dehhhottsdk-unsplash.jpg\",\"datePublished\":\"2026-04-10T06:04:32+00:00\",\"dateModified\":\"2026-04-17T08:05:38+00:00\",\"description\":\"Experience engaging learning activities for upper primary students at Vitensenter Nordland - where technology, digitalisation, and sustainability come to life in practice.\",\"breadcrumb\":{\"@id\":\"https:\/\/vitensenternordland.no\/en\/upper-secondary\/#breadcrumb\"},\"inLanguage\":\"en-US\",\"potentialAction\":[{\"@type\":\"ReadAction\",\"target\":[\"https:\/\/vitensenternordland.no\/en\/upper-secondary\/\"]}]},{\"@type\":\"ImageObject\",\"inLanguage\":\"en-US\",\"@id\":\"https:\/\/vitensenternordland.no\/en\/upper-secondary\/#primaryimage\",\"url\":\"https:\/\/vitensenternordland.no\/wp-content\/uploads\/2020\/09\/michael-dziedzic-dehhhottsdk-unsplash.jpg\",\"contentUrl\":\"https:\/\/vitensenternordland.no\/wp-content\/uploads\/2020\/09\/michael-dziedzic-dehhhottsdk-unsplash.jpg\",\"width\":2000,\"height\":1572,\"caption\":\"Foto: Michael Dziedzic\"},{\"@type\":\"BreadcrumbList\",\"@id\":\"https:\/\/vitensenternordland.no\/en\/upper-secondary\/#breadcrumb\",\"itemListElement\":[{\"@type\":\"ListItem\",\"position\":1,\"name\":\"Hjem\",\"item\":\"https:\/\/vitensenternordland.no\/en\/\"},{\"@type\":\"ListItem\",\"position\":2,\"name\":\"Upper Secondary\"}]},{\"@type\":\"WebSite\",\"@id\":\"https:\/\/vitensenternordland.no\/en\/#website\",\"url\":\"https:\/\/vitensenternordland.no\/en\/\",\"name\":\"Vitensenter Nordland\",\"description\":\"Utforskende l\u00e6ring\",\"publisher\":{\"@id\":\"https:\/\/vitensenternordland.no\/en\/#organization\"},\"potentialAction\":[{\"@type\":\"SearchAction\",\"target\":{\"@type\":\"EntryPoint\",\"urlTemplate\":\"https:\/\/vitensenternordland.no\/en\/?s={search_term_string}\"},\"query-input\":{\"@type\":\"PropertyValueSpecification\",\"valueRequired\":true,\"valueName\":\"search_term_string\"}}],\"inLanguage\":\"en-US\"},{\"@type\":\"Organization\",\"@id\":\"https:\/\/vitensenternordland.no\/en\/#organization\",\"name\":\"Vitensenter Nordland\",\"url\":\"https:\/\/vitensenternordland.no\/en\/\",\"logo\":{\"@type\":\"ImageObject\",\"inLanguage\":\"en-US\",\"@id\":\"https:\/\/vitensenternordland.no\/en\/#\/schema\/logo\/image\/\",\"url\":\"https:\/\/vitensenternordland.no\/wp-content\/uploads\/2020\/05\/vitensenter_staende_stor.png\",\"contentUrl\":\"https:\/\/vitensenternordland.no\/wp-content\/uploads\/2020\/05\/vitensenter_staende_stor.png\",\"width\":2000,\"height\":1883,\"caption\":\"Vitensenter Nordland\"},\"image\":{\"@id\":\"https:\/\/vitensenternordland.no\/en\/#\/schema\/logo\/image\/\"},\"sameAs\":[\"https:\/\/www.facebook.com\/VitensenterNordland\",\"https:\/\/www.instagram.com\/vitensenternordland\/\"]}]}<\/script>\n<!-- \/ Yoast SEO plugin. -->","yoast_head_json":{"title":"Upper Secondary - Vitensenter Nordland","description":"Experience engaging learning activities for upper primary students at Vitensenter Nordland - where technology, digitalisation, and sustainability come to life in practice.","robots":{"index":"index","follow":"follow","max-snippet":"max-snippet:-1","max-image-preview":"max-image-preview:large","max-video-preview":"max-video-preview:-1"},"canonical":"https:\/\/vitensenternordland.no\/en\/upper-secondary\/","og_locale":"en_US","og_type":"article","og_title":"Upper Secondary - Vitensenter Nordland","og_description":"Experience engaging learning activities for upper primary students at Vitensenter Nordland - where technology, digitalisation, and sustainability come to life in practice.","og_url":"https:\/\/vitensenternordland.no\/en\/upper-secondary\/","og_site_name":"Vitensenter Nordland","article_publisher":"https:\/\/www.facebook.com\/VitensenterNordland","article_modified_time":"2026-04-17T08:05:38+00:00","og_image":[{"width":2000,"height":1572,"url":"https:\/\/vitensenternordland.no\/wp-content\/uploads\/2020\/09\/michael-dziedzic-dehhhottsdk-unsplash.jpg","type":"image\/jpeg"}],"twitter_card":"summary_large_image","schema":{"@context":"https:\/\/schema.org","@graph":[{"@type":"WebPage","@id":"https:\/\/vitensenternordland.no\/en\/upper-secondary\/","url":"https:\/\/vitensenternordland.no\/en\/upper-secondary\/","name":"Upper Secondary - Vitensenter Nordland","isPartOf":{"@id":"https:\/\/vitensenternordland.no\/en\/#website"},"primaryImageOfPage":{"@id":"https:\/\/vitensenternordland.no\/en\/upper-secondary\/#primaryimage"},"image":{"@id":"https:\/\/vitensenternordland.no\/en\/upper-secondary\/#primaryimage"},"thumbnailUrl":"https:\/\/vitensenternordland.no\/wp-content\/uploads\/2020\/09\/michael-dziedzic-dehhhottsdk-unsplash.jpg","datePublished":"2026-04-10T06:04:32+00:00","dateModified":"2026-04-17T08:05:38+00:00","description":"Experience engaging learning activities for upper primary students at Vitensenter Nordland - where technology, digitalisation, and sustainability come to life in practice.","breadcrumb":{"@id":"https:\/\/vitensenternordland.no\/en\/upper-secondary\/#breadcrumb"},"inLanguage":"en-US","potentialAction":[{"@type":"ReadAction","target":["https:\/\/vitensenternordland.no\/en\/upper-secondary\/"]}]},{"@type":"ImageObject","inLanguage":"en-US","@id":"https:\/\/vitensenternordland.no\/en\/upper-secondary\/#primaryimage","url":"https:\/\/vitensenternordland.no\/wp-content\/uploads\/2020\/09\/michael-dziedzic-dehhhottsdk-unsplash.jpg","contentUrl":"https:\/\/vitensenternordland.no\/wp-content\/uploads\/2020\/09\/michael-dziedzic-dehhhottsdk-unsplash.jpg","width":2000,"height":1572,"caption":"Foto: Michael Dziedzic"},{"@type":"BreadcrumbList","@id":"https:\/\/vitensenternordland.no\/en\/upper-secondary\/#breadcrumb","itemListElement":[{"@type":"ListItem","position":1,"name":"Hjem","item":"https:\/\/vitensenternordland.no\/en\/"},{"@type":"ListItem","position":2,"name":"Upper Secondary"}]},{"@type":"WebSite","@id":"https:\/\/vitensenternordland.no\/en\/#website","url":"https:\/\/vitensenternordland.no\/en\/","name":"Vitensenter Nordland","description":"Utforskende l\u00e6ring","publisher":{"@id":"https:\/\/vitensenternordland.no\/en\/#organization"},"potentialAction":[{"@type":"SearchAction","target":{"@type":"EntryPoint","urlTemplate":"https:\/\/vitensenternordland.no\/en\/?s={search_term_string}"},"query-input":{"@type":"PropertyValueSpecification","valueRequired":true,"valueName":"search_term_string"}}],"inLanguage":"en-US"},{"@type":"Organization","@id":"https:\/\/vitensenternordland.no\/en\/#organization","name":"Vitensenter Nordland","url":"https:\/\/vitensenternordland.no\/en\/","logo":{"@type":"ImageObject","inLanguage":"en-US","@id":"https:\/\/vitensenternordland.no\/en\/#\/schema\/logo\/image\/","url":"https:\/\/vitensenternordland.no\/wp-content\/uploads\/2020\/05\/vitensenter_staende_stor.png","contentUrl":"https:\/\/vitensenternordland.no\/wp-content\/uploads\/2020\/05\/vitensenter_staende_stor.png","width":2000,"height":1883,"caption":"Vitensenter Nordland"},"image":{"@id":"https:\/\/vitensenternordland.no\/en\/#\/schema\/logo\/image\/"},"sameAs":["https:\/\/www.facebook.com\/VitensenterNordland","https:\/\/www.instagram.com\/vitensenternordland\/"]}]}},"_links":{"self":[{"href":"https:\/\/vitensenternordland.no\/en\/wp-json\/wp\/v2\/pages\/6067","targetHints":{"allow":["GET"]}}],"collection":[{"href":"https:\/\/vitensenternordland.no\/en\/wp-json\/wp\/v2\/pages"}],"about":[{"href":"https:\/\/vitensenternordland.no\/en\/wp-json\/wp\/v2\/types\/page"}],"author":[{"embeddable":true,"href":"https:\/\/vitensenternordland.no\/en\/wp-json\/wp\/v2\/users\/5"}],"replies":[{"embeddable":true,"href":"https:\/\/vitensenternordland.no\/en\/wp-json\/wp\/v2\/comments?post=6067"}],"version-history":[{"count":0,"href":"https:\/\/vitensenternordland.no\/en\/wp-json\/wp\/v2\/pages\/6067\/revisions"}],"wp:featuredmedia":[{"embeddable":true,"href":"https:\/\/vitensenternordland.no\/en\/wp-json\/wp\/v2\/media\/1878"}],"wp:attachment":[{"href":"https:\/\/vitensenternordland.no\/en\/wp-json\/wp\/v2\/media?parent=6067"}],"wp:term":[{"taxonomy":"hovedside","embeddable":true,"href":"https:\/\/vitensenternordland.no\/en\/wp-json\/wp\/v2\/hovedside?post=6067"},{"taxonomy":"infoside","embeddable":true,"href":"https:\/\/vitensenternordland.no\/en\/wp-json\/wp\/v2\/infoside?post=6067"}],"curies":[{"name":"wp","href":"https:\/\/api.w.org\/{rel}","templated":true}]}}