{"id":6045,"date":"2026-04-08T10:31:31","date_gmt":"2026-04-08T08:31:31","guid":{"rendered":"https:\/\/vitensenternordland.no\/upper-primary-grades-5-7\/"},"modified":"2026-04-17T10:05:37","modified_gmt":"2026-04-17T08:05:37","slug":"upper-primary-grades-5-7","status":"publish","type":"page","link":"https:\/\/vitensenternordland.no\/en\/upper-primary-grades-5-7\/","title":{"rendered":"Middle Primary"},"content":{"rendered":"\n\n\t<p>Hos Vitensenter Nordland f\u00e5r elever p\u00e5 mellomtrinnet utforske naturvitenskap, teknologi og matematikk gjennom praktiske aktiviteter og tydelig kobling til l\u00e6replanen.<\/p>\n<p>Oppleggene inviterer til undring, samarbeid og probleml\u00f8sing &#8211; der elevene f\u00e5r teste, bygge og unders\u00f8ke med veiledning fra v\u00e5re formidlere. Passer godt for skoledager, temauker og klasseturer.<\/p>\n\t\t\t<a href=\"https:\/\/vitensenternordland.no\/informasjon\/ansatte\/\" target=\"_self\">\n\t\t\t\t\t\t\tKontakt oss\n\t\t\t\t\t<\/a>\n\t\t\t<a href=\"https:\/\/vitensenternordland.no\/besok-oss\/skoler-og-barnehager\/\" target=\"_self\">\n\t\t\t\t\t\t\tPraktisk informasjon og priser\n\t\t\t\t\t<\/a>\n\t\t\t<a href=\"https:\/\/vitensenternordland.no\/skole-barnehage\/barnehage\/\" target=\"_self\">\n\t\t\t\t\t\t\tTILBUD TIL BARNEHAGE\n\t\t\t\t\t<\/a>\n\t\t\t<a href=\"https:\/\/vitensenternordland.no\/skole-barnehage\/smatrinn\/\" target=\"_self\">\n\t\t\t\t\t\t\tTILBUD TIL SM\u00c5TRINN\n\t\t\t\t\t<\/a>\n\t\t\t<a href=\"https:\/\/vitensenternordland.no\/skole-barnehage\/ungdomsskole\/\" target=\"_self\">\n\t\t\t\t\t\t\tTILBUD TIL UNGDOMSTRINN\n\t\t\t\t\t<\/a>\n\t\t\t<a href=\"https:\/\/vitensenternordland.no\/skole-barnehage\/videregaende\/\" target=\"_self\">\n\t\t\t\t\t\t\tTILBUD TIL VIDEREG\u00c5ENDE\n\t\t\t\t\t<\/a>\n\n","protected":false},"excerpt":{"rendered":"<p>Hos Vitensenter Nordland f\u00e5r elever p\u00e5 mellomtrinnet utforske naturvitenskap, teknologi og matematikk gjennom praktiske aktiviteter og tydelig kobling til l\u00e6replanen. Oppleggene inviterer til undring, samarbeid og probleml\u00f8sing &#8211; der elevene f\u00e5r teste, bygge og unders\u00f8ke med veiledning fra v\u00e5re formidlere. Passer godt for skoledager, temauker og klasseturer. Kontakt oss Praktisk informasjon og priser TILBUD TIL&hellip;<\/p>\n","protected":false},"author":5,"featured_media":1817,"parent":0,"menu_order":3,"comment_status":"closed","ping_status":"closed","template":"","meta":{"_acf_changed":false,"_analytify_skip_tracking":false,"footnotes":""},"hovedside":[71],"infoside":[63],"class_list":["post-6045","page","type-page","status-publish","has-post-thumbnail","hentry","hovedside-school-kindergarten","infoside-yes"],"acf":[],"yoast_head":"<!-- This site is optimized with the Yoast SEO plugin v27.2 - https:\/\/yoast.com\/product\/yoast-seo-wordpress\/ -->\n<title>Middle Primary - Vitensenter Nordland<\/title>\n<meta name=\"description\" content=\"Discover science and technology at Vitensenter Nordland - engaging middle school activities filled with experiments and a sense of achievement.\" \/>\n<meta name=\"robots\" content=\"index, follow, max-snippet:-1, max-image-preview:large, max-video-preview:-1\" \/>\n<link rel=\"canonical\" href=\"https:\/\/vitensenternordland.no\/en\/upper-primary-grades-5-7\/\" \/>\n<meta property=\"og:locale\" content=\"en_US\" \/>\n<meta property=\"og:type\" content=\"article\" \/>\n<meta property=\"og:title\" content=\"Middle Primary - Vitensenter Nordland\" \/>\n<meta property=\"og:description\" content=\"Discover science and technology at Vitensenter Nordland - engaging middle school activities filled with experiments and a sense of achievement.\" \/>\n<meta property=\"og:url\" content=\"https:\/\/vitensenternordland.no\/en\/upper-primary-grades-5-7\/\" \/>\n<meta property=\"og:site_name\" content=\"Vitensenter Nordland\" \/>\n<meta property=\"article:publisher\" content=\"https:\/\/www.facebook.com\/VitensenterNordland\" \/>\n<meta property=\"article:modified_time\" content=\"2026-04-17T08:05:37+00:00\" \/>\n<meta property=\"og:image\" content=\"https:\/\/vitensenternordland.no\/wp-content\/uploads\/2020\/09\/img_6240.jpeg\" \/>\n\t<meta property=\"og:image:width\" content=\"2000\" \/>\n\t<meta property=\"og:image:height\" content=\"1500\" \/>\n\t<meta property=\"og:image:type\" content=\"image\/jpeg\" \/>\n<meta name=\"twitter:card\" content=\"summary_large_image\" \/>\n<script type=\"application\/ld+json\" class=\"yoast-schema-graph\">{\"@context\":\"https:\/\/schema.org\",\"@graph\":[{\"@type\":\"WebPage\",\"@id\":\"https:\/\/vitensenternordland.no\/en\/upper-primary-grades-5-7\/\",\"url\":\"https:\/\/vitensenternordland.no\/en\/upper-primary-grades-5-7\/\",\"name\":\"Middle Primary - Vitensenter Nordland\",\"isPartOf\":{\"@id\":\"https:\/\/vitensenternordland.no\/en\/#website\"},\"primaryImageOfPage\":{\"@id\":\"https:\/\/vitensenternordland.no\/en\/upper-primary-grades-5-7\/#primaryimage\"},\"image\":{\"@id\":\"https:\/\/vitensenternordland.no\/en\/upper-primary-grades-5-7\/#primaryimage\"},\"thumbnailUrl\":\"https:\/\/vitensenternordland.no\/wp-content\/uploads\/2020\/09\/img_6240.jpeg\",\"datePublished\":\"2026-04-08T08:31:31+00:00\",\"dateModified\":\"2026-04-17T08:05:37+00:00\",\"description\":\"Discover science and technology at Vitensenter Nordland - engaging middle school activities filled with experiments and a sense of achievement.\",\"breadcrumb\":{\"@id\":\"https:\/\/vitensenternordland.no\/en\/upper-primary-grades-5-7\/#breadcrumb\"},\"inLanguage\":\"en-US\",\"potentialAction\":[{\"@type\":\"ReadAction\",\"target\":[\"https:\/\/vitensenternordland.no\/en\/upper-primary-grades-5-7\/\"]}]},{\"@type\":\"ImageObject\",\"inLanguage\":\"en-US\",\"@id\":\"https:\/\/vitensenternordland.no\/en\/upper-primary-grades-5-7\/#primaryimage\",\"url\":\"https:\/\/vitensenternordland.no\/wp-content\/uploads\/2020\/09\/img_6240.jpeg\",\"contentUrl\":\"https:\/\/vitensenternordland.no\/wp-content\/uploads\/2020\/09\/img_6240.jpeg\",\"width\":2000,\"height\":1500,\"caption\":\"Vitensenter Nordland\"},{\"@type\":\"BreadcrumbList\",\"@id\":\"https:\/\/vitensenternordland.no\/en\/upper-primary-grades-5-7\/#breadcrumb\",\"itemListElement\":[{\"@type\":\"ListItem\",\"position\":1,\"name\":\"Hjem\",\"item\":\"https:\/\/vitensenternordland.no\/en\/\"},{\"@type\":\"ListItem\",\"position\":2,\"name\":\"Middle Primary\"}]},{\"@type\":\"WebSite\",\"@id\":\"https:\/\/vitensenternordland.no\/en\/#website\",\"url\":\"https:\/\/vitensenternordland.no\/en\/\",\"name\":\"Vitensenter Nordland\",\"description\":\"Utforskende l\u00e6ring\",\"publisher\":{\"@id\":\"https:\/\/vitensenternordland.no\/en\/#organization\"},\"potentialAction\":[{\"@type\":\"SearchAction\",\"target\":{\"@type\":\"EntryPoint\",\"urlTemplate\":\"https:\/\/vitensenternordland.no\/en\/?s={search_term_string}\"},\"query-input\":{\"@type\":\"PropertyValueSpecification\",\"valueRequired\":true,\"valueName\":\"search_term_string\"}}],\"inLanguage\":\"en-US\"},{\"@type\":\"Organization\",\"@id\":\"https:\/\/vitensenternordland.no\/en\/#organization\",\"name\":\"Vitensenter Nordland\",\"url\":\"https:\/\/vitensenternordland.no\/en\/\",\"logo\":{\"@type\":\"ImageObject\",\"inLanguage\":\"en-US\",\"@id\":\"https:\/\/vitensenternordland.no\/en\/#\/schema\/logo\/image\/\",\"url\":\"https:\/\/vitensenternordland.no\/wp-content\/uploads\/2020\/05\/vitensenter_staende_stor.png\",\"contentUrl\":\"https:\/\/vitensenternordland.no\/wp-content\/uploads\/2020\/05\/vitensenter_staende_stor.png\",\"width\":2000,\"height\":1883,\"caption\":\"Vitensenter Nordland\"},\"image\":{\"@id\":\"https:\/\/vitensenternordland.no\/en\/#\/schema\/logo\/image\/\"},\"sameAs\":[\"https:\/\/www.facebook.com\/VitensenterNordland\",\"https:\/\/www.instagram.com\/vitensenternordland\/\"]}]}<\/script>\n<!-- \/ Yoast SEO plugin. -->","yoast_head_json":{"title":"Middle Primary - Vitensenter Nordland","description":"Discover science and technology at Vitensenter Nordland - engaging middle school activities filled with experiments and a sense of achievement.","robots":{"index":"index","follow":"follow","max-snippet":"max-snippet:-1","max-image-preview":"max-image-preview:large","max-video-preview":"max-video-preview:-1"},"canonical":"https:\/\/vitensenternordland.no\/en\/upper-primary-grades-5-7\/","og_locale":"en_US","og_type":"article","og_title":"Middle Primary - Vitensenter Nordland","og_description":"Discover science and technology at Vitensenter Nordland - engaging middle school activities filled with experiments and a sense of achievement.","og_url":"https:\/\/vitensenternordland.no\/en\/upper-primary-grades-5-7\/","og_site_name":"Vitensenter Nordland","article_publisher":"https:\/\/www.facebook.com\/VitensenterNordland","article_modified_time":"2026-04-17T08:05:37+00:00","og_image":[{"width":2000,"height":1500,"url":"https:\/\/vitensenternordland.no\/wp-content\/uploads\/2020\/09\/img_6240.jpeg","type":"image\/jpeg"}],"twitter_card":"summary_large_image","schema":{"@context":"https:\/\/schema.org","@graph":[{"@type":"WebPage","@id":"https:\/\/vitensenternordland.no\/en\/upper-primary-grades-5-7\/","url":"https:\/\/vitensenternordland.no\/en\/upper-primary-grades-5-7\/","name":"Middle Primary - Vitensenter Nordland","isPartOf":{"@id":"https:\/\/vitensenternordland.no\/en\/#website"},"primaryImageOfPage":{"@id":"https:\/\/vitensenternordland.no\/en\/upper-primary-grades-5-7\/#primaryimage"},"image":{"@id":"https:\/\/vitensenternordland.no\/en\/upper-primary-grades-5-7\/#primaryimage"},"thumbnailUrl":"https:\/\/vitensenternordland.no\/wp-content\/uploads\/2020\/09\/img_6240.jpeg","datePublished":"2026-04-08T08:31:31+00:00","dateModified":"2026-04-17T08:05:37+00:00","description":"Discover science and technology at Vitensenter Nordland - engaging middle school activities filled with experiments and a sense of achievement.","breadcrumb":{"@id":"https:\/\/vitensenternordland.no\/en\/upper-primary-grades-5-7\/#breadcrumb"},"inLanguage":"en-US","potentialAction":[{"@type":"ReadAction","target":["https:\/\/vitensenternordland.no\/en\/upper-primary-grades-5-7\/"]}]},{"@type":"ImageObject","inLanguage":"en-US","@id":"https:\/\/vitensenternordland.no\/en\/upper-primary-grades-5-7\/#primaryimage","url":"https:\/\/vitensenternordland.no\/wp-content\/uploads\/2020\/09\/img_6240.jpeg","contentUrl":"https:\/\/vitensenternordland.no\/wp-content\/uploads\/2020\/09\/img_6240.jpeg","width":2000,"height":1500,"caption":"Vitensenter Nordland"},{"@type":"BreadcrumbList","@id":"https:\/\/vitensenternordland.no\/en\/upper-primary-grades-5-7\/#breadcrumb","itemListElement":[{"@type":"ListItem","position":1,"name":"Hjem","item":"https:\/\/vitensenternordland.no\/en\/"},{"@type":"ListItem","position":2,"name":"Middle Primary"}]},{"@type":"WebSite","@id":"https:\/\/vitensenternordland.no\/en\/#website","url":"https:\/\/vitensenternordland.no\/en\/","name":"Vitensenter Nordland","description":"Utforskende l\u00e6ring","publisher":{"@id":"https:\/\/vitensenternordland.no\/en\/#organization"},"potentialAction":[{"@type":"SearchAction","target":{"@type":"EntryPoint","urlTemplate":"https:\/\/vitensenternordland.no\/en\/?s={search_term_string}"},"query-input":{"@type":"PropertyValueSpecification","valueRequired":true,"valueName":"search_term_string"}}],"inLanguage":"en-US"},{"@type":"Organization","@id":"https:\/\/vitensenternordland.no\/en\/#organization","name":"Vitensenter Nordland","url":"https:\/\/vitensenternordland.no\/en\/","logo":{"@type":"ImageObject","inLanguage":"en-US","@id":"https:\/\/vitensenternordland.no\/en\/#\/schema\/logo\/image\/","url":"https:\/\/vitensenternordland.no\/wp-content\/uploads\/2020\/05\/vitensenter_staende_stor.png","contentUrl":"https:\/\/vitensenternordland.no\/wp-content\/uploads\/2020\/05\/vitensenter_staende_stor.png","width":2000,"height":1883,"caption":"Vitensenter Nordland"},"image":{"@id":"https:\/\/vitensenternordland.no\/en\/#\/schema\/logo\/image\/"},"sameAs":["https:\/\/www.facebook.com\/VitensenterNordland","https:\/\/www.instagram.com\/vitensenternordland\/"]}]}},"_links":{"self":[{"href":"https:\/\/vitensenternordland.no\/en\/wp-json\/wp\/v2\/pages\/6045","targetHints":{"allow":["GET"]}}],"collection":[{"href":"https:\/\/vitensenternordland.no\/en\/wp-json\/wp\/v2\/pages"}],"about":[{"href":"https:\/\/vitensenternordland.no\/en\/wp-json\/wp\/v2\/types\/page"}],"author":[{"embeddable":true,"href":"https:\/\/vitensenternordland.no\/en\/wp-json\/wp\/v2\/users\/5"}],"replies":[{"embeddable":true,"href":"https:\/\/vitensenternordland.no\/en\/wp-json\/wp\/v2\/comments?post=6045"}],"version-history":[{"count":0,"href":"https:\/\/vitensenternordland.no\/en\/wp-json\/wp\/v2\/pages\/6045\/revisions"}],"wp:featuredmedia":[{"embeddable":true,"href":"https:\/\/vitensenternordland.no\/en\/wp-json\/wp\/v2\/media\/1817"}],"wp:attachment":[{"href":"https:\/\/vitensenternordland.no\/en\/wp-json\/wp\/v2\/media?parent=6045"}],"wp:term":[{"taxonomy":"hovedside","embeddable":true,"href":"https:\/\/vitensenternordland.no\/en\/wp-json\/wp\/v2\/hovedside?post=6045"},{"taxonomy":"infoside","embeddable":true,"href":"https:\/\/vitensenternordland.no\/en\/wp-json\/wp\/v2\/infoside?post=6045"}],"curies":[{"name":"wp","href":"https:\/\/api.w.org\/{rel}","templated":true}]}}