{"id":6041,"date":"2026-04-08T10:06:51","date_gmt":"2026-04-08T08:06:51","guid":{"rendered":"https:\/\/vitensenternordland.no\/kindergarten\/"},"modified":"2026-04-17T10:05:37","modified_gmt":"2026-04-17T08:05:37","slug":"kindergarten","status":"publish","type":"page","link":"https:\/\/vitensenternordland.no\/en\/kindergarten\/","title":{"rendered":"Kindergarten"},"content":{"rendered":"\n\n\t<p>Oppdag spennende og l\u00e6rerike aktiviteter for barnehager hos Vitensenter Nordland! Vi tilbyr tilpassede opplevelser som vekker nysgjerrighet og utforsker temaer innen naturvitenskap, teknologi og kreativitet.<\/p>\n<p>Barna f\u00e5r muligheten til \u00e5 eksperimentere, l\u00e6re og ha det g\u00f8y gjennom interaktive oppgaver i trygge omgivelser.<\/p>\n\t\t\t<a href=\"https:\/\/vitensenternordland.no\/informasjon\/ansatte\/\" target=\"_self\">\n\t\t\t\t\t\t\tKontakt oss\n\t\t\t\t\t<\/a>\n\t\t\t<a href=\"https:\/\/vitensenternordland.no\/besok-oss\/skoler-og-barnehager\/\" target=\"_self\">\n\t\t\t\t\t\t\tPraktisk informasjon og priser\n\t\t\t\t\t<\/a>\n\t\t\t<a href=\"https:\/\/vitensenternordland.no\/skole-barnehage\/smatrinn\/\" target=\"_self\">\n\t\t\t\t\t\t\tTILBUD TIL SM\u00c5TRINN\n\t\t\t\t\t<\/a>\n\t\t\t<a href=\"https:\/\/vitensenternordland.no\/skole-barnehage\/mellomtrinn\/\" target=\"_self\">\n\t\t\t\t\t\t\tTILBUD TIL MELLOMTRINN\n\t\t\t\t\t<\/a>\n\t\t\t<a href=\"https:\/\/vitensenternordland.no\/skole-barnehage\/ungdomsskole\/\" target=\"_self\">\n\t\t\t\t\t\t\tTILBUD TIL UNGDOMSTRINN\n\t\t\t\t\t<\/a>\n\t\t\t<a href=\"https:\/\/vitensenternordland.no\/skole-barnehage\/videregaende\/\" target=\"_self\">\n\t\t\t\t\t\t\tTILBUD TIL VIDEREG\u00c5ENDE\n\t\t\t\t\t<\/a>\n\n","protected":false},"excerpt":{"rendered":"<p>Oppdag spennende og l\u00e6rerike aktiviteter for barnehager hos Vitensenter Nordland! Vi tilbyr tilpassede opplevelser som vekker nysgjerrighet og utforsker temaer innen naturvitenskap, teknologi og kreativitet. Barna f\u00e5r muligheten til \u00e5 eksperimentere, l\u00e6re og ha det g\u00f8y gjennom interaktive oppgaver i trygge omgivelser. Kontakt oss Praktisk informasjon og priser TILBUD TIL SM\u00c5TRINN TILBUD TIL MELLOMTRINN TILBUD&hellip;<\/p>\n","protected":false},"author":5,"featured_media":1713,"parent":0,"menu_order":7,"comment_status":"closed","ping_status":"closed","template":"","meta":{"_acf_changed":false,"_analytify_skip_tracking":false,"footnotes":""},"hovedside":[71],"infoside":[63],"class_list":["post-6041","page","type-page","status-publish","has-post-thumbnail","hentry","hovedside-school-kindergarten","infoside-yes"],"acf":[],"yoast_head":"<!-- This site is optimized with the Yoast SEO plugin v27.2 - https:\/\/yoast.com\/product\/yoast-seo-wordpress\/ -->\n<title>Kindergarten - Vitensenter Nordland<\/title>\n<meta name=\"description\" content=\"Discover exciting and educational activities for kindergartens at Vitensenter Nordland! We offer tailored experiences that spark curiosity and explore topics within science, technology, and creativity. Children get the opportunity to experiment, learn, and have fun through interactive activities in a safe environment. Perfect for young explorers aged 3-6. Visit us today for a kindergarten program that inspires both play and learning!\" \/>\n<meta name=\"robots\" content=\"index, follow, max-snippet:-1, max-image-preview:large, max-video-preview:-1\" \/>\n<link rel=\"canonical\" href=\"https:\/\/vitensenternordland.no\/en\/kindergarten\/\" \/>\n<meta property=\"og:locale\" content=\"en_US\" \/>\n<meta property=\"og:type\" content=\"article\" \/>\n<meta property=\"og:title\" content=\"Kindergarten - Vitensenter Nordland\" \/>\n<meta property=\"og:description\" content=\"Discover exciting and educational activities for kindergartens at Vitensenter Nordland! We offer tailored experiences that spark curiosity and explore topics within science, technology, and creativity. Children get the opportunity to experiment, learn, and have fun through interactive activities in a safe environment. Perfect for young explorers aged 3-6. Visit us today for a kindergarten program that inspires both play and learning!\" \/>\n<meta property=\"og:url\" content=\"https:\/\/vitensenternordland.no\/en\/kindergarten\/\" \/>\n<meta property=\"og:site_name\" content=\"Vitensenter Nordland\" \/>\n<meta property=\"article:publisher\" content=\"https:\/\/www.facebook.com\/VitensenterNordland\" \/>\n<meta property=\"article:modified_time\" content=\"2026-04-17T08:05:37+00:00\" \/>\n<meta property=\"og:image\" content=\"https:\/\/vitensenternordland.no\/wp-content\/uploads\/2020\/06\/beebot20og20humleliv.jpg\" \/>\n\t<meta property=\"og:image:width\" content=\"1808\" \/>\n\t<meta property=\"og:image:height\" content=\"1017\" \/>\n\t<meta property=\"og:image:type\" content=\"image\/jpeg\" \/>\n<meta name=\"twitter:card\" content=\"summary_large_image\" \/>\n<script type=\"application\/ld+json\" class=\"yoast-schema-graph\">{\"@context\":\"https:\/\/schema.org\",\"@graph\":[{\"@type\":\"WebPage\",\"@id\":\"https:\/\/vitensenternordland.no\/en\/kindergarten\/\",\"url\":\"https:\/\/vitensenternordland.no\/en\/kindergarten\/\",\"name\":\"Kindergarten - Vitensenter Nordland\",\"isPartOf\":{\"@id\":\"https:\/\/vitensenternordland.no\/en\/#website\"},\"primaryImageOfPage\":{\"@id\":\"https:\/\/vitensenternordland.no\/en\/kindergarten\/#primaryimage\"},\"image\":{\"@id\":\"https:\/\/vitensenternordland.no\/en\/kindergarten\/#primaryimage\"},\"thumbnailUrl\":\"https:\/\/vitensenternordland.no\/wp-content\/uploads\/2020\/06\/beebot20og20humleliv.jpg\",\"datePublished\":\"2026-04-08T08:06:51+00:00\",\"dateModified\":\"2026-04-17T08:05:37+00:00\",\"description\":\"Discover exciting and educational activities for kindergartens at Vitensenter Nordland! We offer tailored experiences that spark curiosity and explore topics within science, technology, and creativity. Children get the opportunity to experiment, learn, and have fun through interactive activities in a safe environment. Perfect for young explorers aged 3-6. Visit us today for a kindergarten program that inspires both play and learning!\",\"breadcrumb\":{\"@id\":\"https:\/\/vitensenternordland.no\/en\/kindergarten\/#breadcrumb\"},\"inLanguage\":\"en-US\",\"potentialAction\":[{\"@type\":\"ReadAction\",\"target\":[\"https:\/\/vitensenternordland.no\/en\/kindergarten\/\"]}]},{\"@type\":\"ImageObject\",\"inLanguage\":\"en-US\",\"@id\":\"https:\/\/vitensenternordland.no\/en\/kindergarten\/#primaryimage\",\"url\":\"https:\/\/vitensenternordland.no\/wp-content\/uploads\/2020\/06\/beebot20og20humleliv.jpg\",\"contentUrl\":\"https:\/\/vitensenternordland.no\/wp-content\/uploads\/2020\/06\/beebot20og20humleliv.jpg\",\"width\":1808,\"height\":1017},{\"@type\":\"BreadcrumbList\",\"@id\":\"https:\/\/vitensenternordland.no\/en\/kindergarten\/#breadcrumb\",\"itemListElement\":[{\"@type\":\"ListItem\",\"position\":1,\"name\":\"Hjem\",\"item\":\"https:\/\/vitensenternordland.no\/en\/\"},{\"@type\":\"ListItem\",\"position\":2,\"name\":\"Kindergarten\"}]},{\"@type\":\"WebSite\",\"@id\":\"https:\/\/vitensenternordland.no\/en\/#website\",\"url\":\"https:\/\/vitensenternordland.no\/en\/\",\"name\":\"Vitensenter Nordland\",\"description\":\"Utforskende l\u00e6ring\",\"publisher\":{\"@id\":\"https:\/\/vitensenternordland.no\/en\/#organization\"},\"potentialAction\":[{\"@type\":\"SearchAction\",\"target\":{\"@type\":\"EntryPoint\",\"urlTemplate\":\"https:\/\/vitensenternordland.no\/en\/?s={search_term_string}\"},\"query-input\":{\"@type\":\"PropertyValueSpecification\",\"valueRequired\":true,\"valueName\":\"search_term_string\"}}],\"inLanguage\":\"en-US\"},{\"@type\":\"Organization\",\"@id\":\"https:\/\/vitensenternordland.no\/en\/#organization\",\"name\":\"Vitensenter Nordland\",\"url\":\"https:\/\/vitensenternordland.no\/en\/\",\"logo\":{\"@type\":\"ImageObject\",\"inLanguage\":\"en-US\",\"@id\":\"https:\/\/vitensenternordland.no\/en\/#\/schema\/logo\/image\/\",\"url\":\"https:\/\/vitensenternordland.no\/wp-content\/uploads\/2020\/05\/vitensenter_staende_stor.png\",\"contentUrl\":\"https:\/\/vitensenternordland.no\/wp-content\/uploads\/2020\/05\/vitensenter_staende_stor.png\",\"width\":2000,\"height\":1883,\"caption\":\"Vitensenter Nordland\"},\"image\":{\"@id\":\"https:\/\/vitensenternordland.no\/en\/#\/schema\/logo\/image\/\"},\"sameAs\":[\"https:\/\/www.facebook.com\/VitensenterNordland\",\"https:\/\/www.instagram.com\/vitensenternordland\/\"]}]}<\/script>\n<!-- \/ Yoast SEO plugin. -->","yoast_head_json":{"title":"Kindergarten - Vitensenter Nordland","description":"Discover exciting and educational activities for kindergartens at Vitensenter Nordland! We offer tailored experiences that spark curiosity and explore topics within science, technology, and creativity. Children get the opportunity to experiment, learn, and have fun through interactive activities in a safe environment. Perfect for young explorers aged 3-6. Visit us today for a kindergarten program that inspires both play and learning!","robots":{"index":"index","follow":"follow","max-snippet":"max-snippet:-1","max-image-preview":"max-image-preview:large","max-video-preview":"max-video-preview:-1"},"canonical":"https:\/\/vitensenternordland.no\/en\/kindergarten\/","og_locale":"en_US","og_type":"article","og_title":"Kindergarten - Vitensenter Nordland","og_description":"Discover exciting and educational activities for kindergartens at Vitensenter Nordland! We offer tailored experiences that spark curiosity and explore topics within science, technology, and creativity. Children get the opportunity to experiment, learn, and have fun through interactive activities in a safe environment. Perfect for young explorers aged 3-6. Visit us today for a kindergarten program that inspires both play and learning!","og_url":"https:\/\/vitensenternordland.no\/en\/kindergarten\/","og_site_name":"Vitensenter Nordland","article_publisher":"https:\/\/www.facebook.com\/VitensenterNordland","article_modified_time":"2026-04-17T08:05:37+00:00","og_image":[{"width":1808,"height":1017,"url":"https:\/\/vitensenternordland.no\/wp-content\/uploads\/2020\/06\/beebot20og20humleliv.jpg","type":"image\/jpeg"}],"twitter_card":"summary_large_image","schema":{"@context":"https:\/\/schema.org","@graph":[{"@type":"WebPage","@id":"https:\/\/vitensenternordland.no\/en\/kindergarten\/","url":"https:\/\/vitensenternordland.no\/en\/kindergarten\/","name":"Kindergarten - Vitensenter Nordland","isPartOf":{"@id":"https:\/\/vitensenternordland.no\/en\/#website"},"primaryImageOfPage":{"@id":"https:\/\/vitensenternordland.no\/en\/kindergarten\/#primaryimage"},"image":{"@id":"https:\/\/vitensenternordland.no\/en\/kindergarten\/#primaryimage"},"thumbnailUrl":"https:\/\/vitensenternordland.no\/wp-content\/uploads\/2020\/06\/beebot20og20humleliv.jpg","datePublished":"2026-04-08T08:06:51+00:00","dateModified":"2026-04-17T08:05:37+00:00","description":"Discover exciting and educational activities for kindergartens at Vitensenter Nordland! We offer tailored experiences that spark curiosity and explore topics within science, technology, and creativity. Children get the opportunity to experiment, learn, and have fun through interactive activities in a safe environment. Perfect for young explorers aged 3-6. Visit us today for a kindergarten program that inspires both play and learning!","breadcrumb":{"@id":"https:\/\/vitensenternordland.no\/en\/kindergarten\/#breadcrumb"},"inLanguage":"en-US","potentialAction":[{"@type":"ReadAction","target":["https:\/\/vitensenternordland.no\/en\/kindergarten\/"]}]},{"@type":"ImageObject","inLanguage":"en-US","@id":"https:\/\/vitensenternordland.no\/en\/kindergarten\/#primaryimage","url":"https:\/\/vitensenternordland.no\/wp-content\/uploads\/2020\/06\/beebot20og20humleliv.jpg","contentUrl":"https:\/\/vitensenternordland.no\/wp-content\/uploads\/2020\/06\/beebot20og20humleliv.jpg","width":1808,"height":1017},{"@type":"BreadcrumbList","@id":"https:\/\/vitensenternordland.no\/en\/kindergarten\/#breadcrumb","itemListElement":[{"@type":"ListItem","position":1,"name":"Hjem","item":"https:\/\/vitensenternordland.no\/en\/"},{"@type":"ListItem","position":2,"name":"Kindergarten"}]},{"@type":"WebSite","@id":"https:\/\/vitensenternordland.no\/en\/#website","url":"https:\/\/vitensenternordland.no\/en\/","name":"Vitensenter Nordland","description":"Utforskende l\u00e6ring","publisher":{"@id":"https:\/\/vitensenternordland.no\/en\/#organization"},"potentialAction":[{"@type":"SearchAction","target":{"@type":"EntryPoint","urlTemplate":"https:\/\/vitensenternordland.no\/en\/?s={search_term_string}"},"query-input":{"@type":"PropertyValueSpecification","valueRequired":true,"valueName":"search_term_string"}}],"inLanguage":"en-US"},{"@type":"Organization","@id":"https:\/\/vitensenternordland.no\/en\/#organization","name":"Vitensenter Nordland","url":"https:\/\/vitensenternordland.no\/en\/","logo":{"@type":"ImageObject","inLanguage":"en-US","@id":"https:\/\/vitensenternordland.no\/en\/#\/schema\/logo\/image\/","url":"https:\/\/vitensenternordland.no\/wp-content\/uploads\/2020\/05\/vitensenter_staende_stor.png","contentUrl":"https:\/\/vitensenternordland.no\/wp-content\/uploads\/2020\/05\/vitensenter_staende_stor.png","width":2000,"height":1883,"caption":"Vitensenter Nordland"},"image":{"@id":"https:\/\/vitensenternordland.no\/en\/#\/schema\/logo\/image\/"},"sameAs":["https:\/\/www.facebook.com\/VitensenterNordland","https:\/\/www.instagram.com\/vitensenternordland\/"]}]}},"_links":{"self":[{"href":"https:\/\/vitensenternordland.no\/en\/wp-json\/wp\/v2\/pages\/6041","targetHints":{"allow":["GET"]}}],"collection":[{"href":"https:\/\/vitensenternordland.no\/en\/wp-json\/wp\/v2\/pages"}],"about":[{"href":"https:\/\/vitensenternordland.no\/en\/wp-json\/wp\/v2\/types\/page"}],"author":[{"embeddable":true,"href":"https:\/\/vitensenternordland.no\/en\/wp-json\/wp\/v2\/users\/5"}],"replies":[{"embeddable":true,"href":"https:\/\/vitensenternordland.no\/en\/wp-json\/wp\/v2\/comments?post=6041"}],"version-history":[{"count":0,"href":"https:\/\/vitensenternordland.no\/en\/wp-json\/wp\/v2\/pages\/6041\/revisions"}],"wp:featuredmedia":[{"embeddable":true,"href":"https:\/\/vitensenternordland.no\/en\/wp-json\/wp\/v2\/media\/1713"}],"wp:attachment":[{"href":"https:\/\/vitensenternordland.no\/en\/wp-json\/wp\/v2\/media?parent=6041"}],"wp:term":[{"taxonomy":"hovedside","embeddable":true,"href":"https:\/\/vitensenternordland.no\/en\/wp-json\/wp\/v2\/hovedside?post=6041"},{"taxonomy":"infoside","embeddable":true,"href":"https:\/\/vitensenternordland.no\/en\/wp-json\/wp\/v2\/infoside?post=6041"}],"curies":[{"name":"wp","href":"https:\/\/api.w.org\/{rel}","templated":true}]}}