{"id":5764,"date":"2026-03-13T11:07:13","date_gmt":"2026-03-13T10:07:13","guid":{"rendered":"https:\/\/vitensenternordland.no\/childrens-engineering-day-2026\/"},"modified":"2026-04-17T07:54:58","modified_gmt":"2026-04-17T05:54:58","slug":"childrens-engineering-day-2026","status":"publish","type":"page","link":"https:\/\/vitensenternordland.no\/en\/childrens-engineering-day-2026\/","title":{"rendered":"Children&#8217;s Engineering Day 2026"},"content":{"rendered":"\n\n\t\t\t\t<img decoding=\"async\" src=\"https:\/\/vitensenternordland.no\/wp-content\/uploads\/2026\/03\/shutterstock_557097163-1.webp\" alt=\"Barnas Ingeni\u00f8rdag\" itemprop=\"image\" height=\"422\" width=\"628\" title=\"Barnas Ingeni\u00f8rdag\" onerror=\"this.style.display='none'\" loading=\"lazy\" \/>\n<h2>\n\t\t\t14. Mars 2026\t<\/h2>\n\t<h1>BARNAS INGENI\u00d8RDAG<\/h1>\nIngeni\u00f8rer og teknologer er med p\u00e5 \u00e5 skape framtiden. Vi \u00f8nsker \u00e5 inspirere og vekke interessen for realfag hos barn og unge. Ta med hele familien p\u00e5 Barnas ingeni\u00f8rdag\n\t<h4><strong>D\u00f8rene er \u00e5pne fra kl 10:00 til 16:00 &#8211; vi gleder oss til \u00e5 se deg!<\/strong><\/h4>\n\t<h2>Barnas ingeni\u00f8rdag 14.mars<\/h2>\n<p>&nbsp;<\/p>\n<strong>10:00 &#8211; 16:00<\/strong> &#8211; Orienteringsl\u00f8ype og lykkehjul p\u00e5 NITO-stand<br \/>\n<strong>10:00 &#8211; 16:00<\/strong> &#8211; LEGO-utfordring p\u00e5 eventrom<br \/>\n<strong>10:00 &#8211; 16:00<\/strong> &#8211; Stand med lokale bedrifter<br \/>\n<strong>11:00 &#8211; 15:00<\/strong> &#8211; Kreativt skaperverksted<br \/>\n<strong>10:30<\/strong> &#8211; Rakettverksted p\u00e5 Newtonrom<br \/>\n<strong>12:00<\/strong> &#8211; Rakettoppskyting ute<br \/>\n<strong>14:00<\/strong> &#8211; Koding med p\u00e5 koderom<br \/>\n<strong>15:00<\/strong> &#8211; Bygge stort tetraeder\u00a0ved planetariet\n<p>&nbsp;<\/p>\n<p>Skaper- og realfagsglede vil st\u00e5 i fokus denne l\u00f8rdagen. Her kan b\u00e5de sm\u00e5 og store lage nye konstruksjoner i skaperverkstedet, enten dere f\u00f8lger spennende oppskrifter eller skaper noe p\u00e5 egen h\u00e5nd.<\/p>\n<p>Det blir orienteringsl\u00f8pye, lykkehjul, LEGO-utfordring og stand fra bedrifter hele dagen. P\u00e5 kreativt skaperverksted kan det lages ulike konstruksjoner. I tillegg har hele Vitensenteret uendelig mange kule aktiviterer og oppgaver.<\/p>\n<p>NITO og Vitensentrene har et felles m\u00e5l om \u00e5 fremme interesse for teknologi- og realfag blant barn og unge, for p\u00e5 sikt \u00e5 \u00f8ke rekrutteringen til disse fagene.<\/p>\n<p>&nbsp;<\/p>\n<h2>Rabattert inngangspris<\/h2>\n<p>Arrangementet er sponset av NITO og inngangsprisen er derfor kun 75 kroner per person denne dagen. Det inkluderer alle aktivitetene rundt om p\u00e5 senteret. Forh\u00e5ndskj\u00f8p av billetter p\u00e5 hjemmesiden til Vitensenteret Nordland.\u00a0Det er ogs\u00e5 mulig \u00e5 kj\u00f8pe i d\u00f8ra.<\/p>\n<p>&nbsp;<\/p>\n<p><img loading=\"lazy\" decoding=\"async\" src=\"https:\/\/vitensenternordland.no\/wp-content\/uploads\/2021\/09\/nito_logo_rgb_primar_gronn_nt_09120-500x114.png\" alt=\"\" width=\"320\" height=\"73\" \/><\/p>\n\t\t\t<a href=\"https:\/\/webshop.vitensenternordland.no\/Detaljer\/EVENT\/13\" target=\"_self\">\n\t\t\t\t\t\t\tKj\u00f8p billetter\n\t\t\t\t\t<\/a>\n\t\t\t\t<a href=\"https:\/\/vitensenternordland.no\/utstillinger\/\"  target=\"_self\" itemprop=\"url\">\n\t\t\t\t<img decoding=\"async\" src=\"https:\/\/vitensenternordland.no\/wp-content\/uploads\/2026\/01\/utstillinger-og-opplevelser-1.png\" alt=\"Utstillinger og opplevelser\" itemprop=\"image\" height=\"500\" width=\"500\" title=\"Utstillinger og opplevelser\" onerror=\"this.style.display='none'\" loading=\"lazy\" \/>\n\t\t\t\t<\/a>\n<h2><a href=\"https:\/\/vitensenternordland.no\/utstillinger\/\" target=\"_self\">Utforsk utstillingene<\/a><\/h2>\t\n\t\t\t\t<a href=\"https:\/\/vitensenternordland.no\/besok-oss\/\"  target=\"_self\" itemprop=\"url\">\n\t\t\t\t<img decoding=\"async\" src=\"https:\/\/vitensenternordland.no\/wp-content\/uploads\/2026\/01\/17.png\" alt=\"Oppm\u00f8te\" itemprop=\"image\" height=\"500\" width=\"500\" title=\"Oppm\u00f8te\" onerror=\"this.style.display='none'\" loading=\"lazy\" \/>\n\t\t\t\t<\/a>\n<h2><a href=\"https:\/\/vitensenternordland.no\/besok-oss\/\" target=\"_self\">Planlegg bes\u00f8ket<\/a><\/h2>\t\n\t\t\t\t<a href=\"https:\/\/vitensenternordland.no\/arrangementer\/\"  target=\"_self\" itemprop=\"url\">\n\t\t\t\t<img decoding=\"async\" src=\"https:\/\/vitensenternordland.no\/wp-content\/uploads\/2026\/01\/arrangementer.png\" alt=\"Arrangementer\" itemprop=\"image\" height=\"500\" width=\"500\" title=\"Arrangementer\" onerror=\"this.style.display='none'\" loading=\"lazy\" \/>\n\t\t\t\t<\/a>\n<h2><a href=\"https:\/\/vitensenternordland.no\/arrangementer\/\" target=\"_self\">Arrangement<\/a><\/h2>\t\n\t\t\t\t<a href=\"https:\/\/vitensenternordland.no\/informasjon\/ansatte\/\"  target=\"_self\" itemprop=\"url\">\n\t\t\t\t<img decoding=\"async\" src=\"https:\/\/vitensenternordland.no\/wp-content\/uploads\/2026\/01\/samarbeid.png\" alt=\"Samarbeid\" itemprop=\"image\" height=\"500\" width=\"500\" title=\"Samarbeid\" onerror=\"this.style.display='none'\" loading=\"lazy\" \/>\n\t\t\t\t<\/a>\n<h2><a href=\"https:\/\/vitensenternordland.no\/informasjon\/ansatte\/\" target=\"_self\">Kontakt oss<\/a><\/h2>\t\n\t\t\t\t<img decoding=\"async\" src=\"https:\/\/vitensenternordland.no\/wp-content\/uploads\/2024\/09\/hostviten.png\" alt=\"H\u00f8stviten\" itemprop=\"image\" height=\"1063\" width=\"1890\" title=\"H\u00f8stviten\" onerror=\"this.style.display='none'\" loading=\"lazy\" \/>\n<h1 role=\"presentation\"><strong>Ordin\u00e6re \u00e5pningstider<\/strong><\/h1>\n\t<p>Dette er de ordin\u00e6re \u00e5pningstider, tidene kan endres i ferier.<\/p>\n<p><strong>Mandag<\/strong>: Stengt<\/p>\n<p><strong>Tirsdag<\/strong>: kl. 10.00 &#8211; 15:00<\/p>\n<p><strong>Onsdag<\/strong>: kl. 10.00 &#8211; 15.00<\/p>\n<p><strong>Torsdag<\/strong>: kl. 10:00 &#8211; 15.00<\/p>\n<p><strong>Fredag<\/strong>: kl. 10.00 &#8211; 15.00<\/p>\n<p><strong>L\u00f8rdag &#8211; S\u00f8ndag<\/strong>: kl. 10.00 &#8211; 16.00<\/p>\n\n","protected":false},"excerpt":{"rendered":"<p>14. Mars 2026 BARNAS INGENI\u00d8RDAG Ingeni\u00f8rer og teknologer er med p\u00e5 \u00e5 skape framtiden. Vi \u00f8nsker \u00e5 inspirere og vekke interessen for realfag hos barn og unge. Ta med hele familien p\u00e5 Barnas ingeni\u00f8rdag D\u00f8rene er \u00e5pne fra kl 10:00 til 16:00 &#8211; vi gleder oss til \u00e5 se deg! Barnas ingeni\u00f8rdag 14.mars &nbsp; 10:00&hellip;<\/p>\n","protected":false},"author":8,"featured_media":2775,"parent":0,"menu_order":10,"comment_status":"closed","ping_status":"closed","template":"","meta":{"_acf_changed":false,"_analytify_skip_tracking":false,"footnotes":""},"hovedside":[],"infoside":[63],"class_list":["post-5764","page","type-page","status-publish","has-post-thumbnail","hentry","infoside-yes"],"acf":[],"yoast_head":"<!-- This site is optimized with the Yoast SEO plugin v27.2 - https:\/\/yoast.com\/product\/yoast-seo-wordpress\/ -->\n<title>Children&#039;s Engineering Day 2026 - Vitensenter Nordland<\/title>\n<meta name=\"description\" content=\"Engineers and technologists help shape the future. Bring the whole family to Children&#039;s Engineering Day. Welcome to a day full of fun activities!\" \/>\n<meta name=\"robots\" content=\"index, follow, max-snippet:-1, max-image-preview:large, max-video-preview:-1\" \/>\n<link rel=\"canonical\" href=\"https:\/\/vitensenternordland.no\/en\/childrens-engineering-day-2026\/\" \/>\n<meta property=\"og:locale\" content=\"en_US\" \/>\n<meta property=\"og:type\" content=\"article\" \/>\n<meta property=\"og:title\" content=\"Children&#039;s Engineering Day 2026 - Vitensenter Nordland\" \/>\n<meta property=\"og:description\" content=\"Engineers and technologists help shape the future. Bring the whole family to Children&#039;s Engineering Day. Welcome to a day full of fun activities!\" \/>\n<meta property=\"og:url\" content=\"https:\/\/vitensenternordland.no\/en\/childrens-engineering-day-2026\/\" \/>\n<meta property=\"og:site_name\" content=\"Vitensenter Nordland\" \/>\n<meta property=\"article:publisher\" content=\"https:\/\/www.facebook.com\/VitensenterNordland\" \/>\n<meta property=\"article:modified_time\" content=\"2026-04-17T05:54:58+00:00\" \/>\n<meta property=\"og:image\" content=\"https:\/\/vitensenternordland.no\/wp-content\/uploads\/2021\/09\/shutterstock_557097163-e1664264781767.jpg\" \/>\n\t<meta property=\"og:image:width\" content=\"2000\" \/>\n\t<meta property=\"og:image:height\" content=\"1783\" \/>\n\t<meta property=\"og:image:type\" content=\"image\/jpeg\" \/>\n<meta name=\"twitter:card\" content=\"summary_large_image\" \/>\n<meta name=\"twitter:label1\" content=\"Est. reading time\" \/>\n\t<meta name=\"twitter:data1\" content=\"1 minute\" \/>\n<script type=\"application\/ld+json\" class=\"yoast-schema-graph\">{\"@context\":\"https:\/\/schema.org\",\"@graph\":[{\"@type\":\"WebPage\",\"@id\":\"https:\/\/vitensenternordland.no\/en\/childrens-engineering-day-2026\/\",\"url\":\"https:\/\/vitensenternordland.no\/en\/childrens-engineering-day-2026\/\",\"name\":\"Children's Engineering Day 2026 - Vitensenter Nordland\",\"isPartOf\":{\"@id\":\"https:\/\/vitensenternordland.no\/en\/#website\"},\"primaryImageOfPage\":{\"@id\":\"https:\/\/vitensenternordland.no\/en\/childrens-engineering-day-2026\/#primaryimage\"},\"image\":{\"@id\":\"https:\/\/vitensenternordland.no\/en\/childrens-engineering-day-2026\/#primaryimage\"},\"thumbnailUrl\":\"https:\/\/vitensenternordland.no\/wp-content\/uploads\/2021\/09\/shutterstock_557097163-e1664264781767.jpg\",\"datePublished\":\"2026-03-13T10:07:13+00:00\",\"dateModified\":\"2026-04-17T05:54:58+00:00\",\"description\":\"Engineers and technologists help shape the future. Bring the whole family to Children's Engineering Day. Welcome to a day full of fun activities!\",\"breadcrumb\":{\"@id\":\"https:\/\/vitensenternordland.no\/en\/childrens-engineering-day-2026\/#breadcrumb\"},\"inLanguage\":\"en-US\",\"potentialAction\":[{\"@type\":\"ReadAction\",\"target\":[\"https:\/\/vitensenternordland.no\/en\/childrens-engineering-day-2026\/\"]}]},{\"@type\":\"ImageObject\",\"inLanguage\":\"en-US\",\"@id\":\"https:\/\/vitensenternordland.no\/en\/childrens-engineering-day-2026\/#primaryimage\",\"url\":\"https:\/\/vitensenternordland.no\/wp-content\/uploads\/2021\/09\/shutterstock_557097163-e1664264781767.jpg\",\"contentUrl\":\"https:\/\/vitensenternordland.no\/wp-content\/uploads\/2021\/09\/shutterstock_557097163-e1664264781767.jpg\",\"width\":2000,\"height\":1783,\"caption\":\"Aktiviteter p\u00e5 Vitensenteret\"},{\"@type\":\"BreadcrumbList\",\"@id\":\"https:\/\/vitensenternordland.no\/en\/childrens-engineering-day-2026\/#breadcrumb\",\"itemListElement\":[{\"@type\":\"ListItem\",\"position\":1,\"name\":\"Hjem\",\"item\":\"https:\/\/vitensenternordland.no\/en\/\"},{\"@type\":\"ListItem\",\"position\":2,\"name\":\"Children&#8217;s Engineering Day 2026\"}]},{\"@type\":\"WebSite\",\"@id\":\"https:\/\/vitensenternordland.no\/en\/#website\",\"url\":\"https:\/\/vitensenternordland.no\/en\/\",\"name\":\"Vitensenter Nordland\",\"description\":\"Utforskende l\u00e6ring\",\"publisher\":{\"@id\":\"https:\/\/vitensenternordland.no\/en\/#organization\"},\"potentialAction\":[{\"@type\":\"SearchAction\",\"target\":{\"@type\":\"EntryPoint\",\"urlTemplate\":\"https:\/\/vitensenternordland.no\/en\/?s={search_term_string}\"},\"query-input\":{\"@type\":\"PropertyValueSpecification\",\"valueRequired\":true,\"valueName\":\"search_term_string\"}}],\"inLanguage\":\"en-US\"},{\"@type\":\"Organization\",\"@id\":\"https:\/\/vitensenternordland.no\/en\/#organization\",\"name\":\"Vitensenter Nordland\",\"url\":\"https:\/\/vitensenternordland.no\/en\/\",\"logo\":{\"@type\":\"ImageObject\",\"inLanguage\":\"en-US\",\"@id\":\"https:\/\/vitensenternordland.no\/en\/#\/schema\/logo\/image\/\",\"url\":\"https:\/\/vitensenternordland.no\/wp-content\/uploads\/2020\/05\/vitensenter_staende_stor.png\",\"contentUrl\":\"https:\/\/vitensenternordland.no\/wp-content\/uploads\/2020\/05\/vitensenter_staende_stor.png\",\"width\":2000,\"height\":1883,\"caption\":\"Vitensenter Nordland\"},\"image\":{\"@id\":\"https:\/\/vitensenternordland.no\/en\/#\/schema\/logo\/image\/\"},\"sameAs\":[\"https:\/\/www.facebook.com\/VitensenterNordland\",\"https:\/\/www.instagram.com\/vitensenternordland\/\"]}]}<\/script>\n<!-- \/ Yoast SEO plugin. -->","yoast_head_json":{"title":"Children's Engineering Day 2026 - Vitensenter Nordland","description":"Engineers and technologists help shape the future. Bring the whole family to Children's Engineering Day. Welcome to a day full of fun activities!","robots":{"index":"index","follow":"follow","max-snippet":"max-snippet:-1","max-image-preview":"max-image-preview:large","max-video-preview":"max-video-preview:-1"},"canonical":"https:\/\/vitensenternordland.no\/en\/childrens-engineering-day-2026\/","og_locale":"en_US","og_type":"article","og_title":"Children's Engineering Day 2026 - Vitensenter Nordland","og_description":"Engineers and technologists help shape the future. Bring the whole family to Children's Engineering Day. Welcome to a day full of fun activities!","og_url":"https:\/\/vitensenternordland.no\/en\/childrens-engineering-day-2026\/","og_site_name":"Vitensenter Nordland","article_publisher":"https:\/\/www.facebook.com\/VitensenterNordland","article_modified_time":"2026-04-17T05:54:58+00:00","og_image":[{"width":2000,"height":1783,"url":"https:\/\/vitensenternordland.no\/wp-content\/uploads\/2021\/09\/shutterstock_557097163-e1664264781767.jpg","type":"image\/jpeg"}],"twitter_card":"summary_large_image","twitter_misc":{"Est. reading time":"1 minute"},"schema":{"@context":"https:\/\/schema.org","@graph":[{"@type":"WebPage","@id":"https:\/\/vitensenternordland.no\/en\/childrens-engineering-day-2026\/","url":"https:\/\/vitensenternordland.no\/en\/childrens-engineering-day-2026\/","name":"Children's Engineering Day 2026 - Vitensenter Nordland","isPartOf":{"@id":"https:\/\/vitensenternordland.no\/en\/#website"},"primaryImageOfPage":{"@id":"https:\/\/vitensenternordland.no\/en\/childrens-engineering-day-2026\/#primaryimage"},"image":{"@id":"https:\/\/vitensenternordland.no\/en\/childrens-engineering-day-2026\/#primaryimage"},"thumbnailUrl":"https:\/\/vitensenternordland.no\/wp-content\/uploads\/2021\/09\/shutterstock_557097163-e1664264781767.jpg","datePublished":"2026-03-13T10:07:13+00:00","dateModified":"2026-04-17T05:54:58+00:00","description":"Engineers and technologists help shape the future. Bring the whole family to Children's Engineering Day. Welcome to a day full of fun activities!","breadcrumb":{"@id":"https:\/\/vitensenternordland.no\/en\/childrens-engineering-day-2026\/#breadcrumb"},"inLanguage":"en-US","potentialAction":[{"@type":"ReadAction","target":["https:\/\/vitensenternordland.no\/en\/childrens-engineering-day-2026\/"]}]},{"@type":"ImageObject","inLanguage":"en-US","@id":"https:\/\/vitensenternordland.no\/en\/childrens-engineering-day-2026\/#primaryimage","url":"https:\/\/vitensenternordland.no\/wp-content\/uploads\/2021\/09\/shutterstock_557097163-e1664264781767.jpg","contentUrl":"https:\/\/vitensenternordland.no\/wp-content\/uploads\/2021\/09\/shutterstock_557097163-e1664264781767.jpg","width":2000,"height":1783,"caption":"Aktiviteter p\u00e5 Vitensenteret"},{"@type":"BreadcrumbList","@id":"https:\/\/vitensenternordland.no\/en\/childrens-engineering-day-2026\/#breadcrumb","itemListElement":[{"@type":"ListItem","position":1,"name":"Hjem","item":"https:\/\/vitensenternordland.no\/en\/"},{"@type":"ListItem","position":2,"name":"Children&#8217;s Engineering Day 2026"}]},{"@type":"WebSite","@id":"https:\/\/vitensenternordland.no\/en\/#website","url":"https:\/\/vitensenternordland.no\/en\/","name":"Vitensenter Nordland","description":"Utforskende l\u00e6ring","publisher":{"@id":"https:\/\/vitensenternordland.no\/en\/#organization"},"potentialAction":[{"@type":"SearchAction","target":{"@type":"EntryPoint","urlTemplate":"https:\/\/vitensenternordland.no\/en\/?s={search_term_string}"},"query-input":{"@type":"PropertyValueSpecification","valueRequired":true,"valueName":"search_term_string"}}],"inLanguage":"en-US"},{"@type":"Organization","@id":"https:\/\/vitensenternordland.no\/en\/#organization","name":"Vitensenter Nordland","url":"https:\/\/vitensenternordland.no\/en\/","logo":{"@type":"ImageObject","inLanguage":"en-US","@id":"https:\/\/vitensenternordland.no\/en\/#\/schema\/logo\/image\/","url":"https:\/\/vitensenternordland.no\/wp-content\/uploads\/2020\/05\/vitensenter_staende_stor.png","contentUrl":"https:\/\/vitensenternordland.no\/wp-content\/uploads\/2020\/05\/vitensenter_staende_stor.png","width":2000,"height":1883,"caption":"Vitensenter Nordland"},"image":{"@id":"https:\/\/vitensenternordland.no\/en\/#\/schema\/logo\/image\/"},"sameAs":["https:\/\/www.facebook.com\/VitensenterNordland","https:\/\/www.instagram.com\/vitensenternordland\/"]}]}},"_links":{"self":[{"href":"https:\/\/vitensenternordland.no\/en\/wp-json\/wp\/v2\/pages\/5764","targetHints":{"allow":["GET"]}}],"collection":[{"href":"https:\/\/vitensenternordland.no\/en\/wp-json\/wp\/v2\/pages"}],"about":[{"href":"https:\/\/vitensenternordland.no\/en\/wp-json\/wp\/v2\/types\/page"}],"author":[{"embeddable":true,"href":"https:\/\/vitensenternordland.no\/en\/wp-json\/wp\/v2\/users\/8"}],"replies":[{"embeddable":true,"href":"https:\/\/vitensenternordland.no\/en\/wp-json\/wp\/v2\/comments?post=5764"}],"version-history":[{"count":0,"href":"https:\/\/vitensenternordland.no\/en\/wp-json\/wp\/v2\/pages\/5764\/revisions"}],"wp:featuredmedia":[{"embeddable":true,"href":"https:\/\/vitensenternordland.no\/en\/wp-json\/wp\/v2\/media\/2775"}],"wp:attachment":[{"href":"https:\/\/vitensenternordland.no\/en\/wp-json\/wp\/v2\/media?parent=5764"}],"wp:term":[{"taxonomy":"hovedside","embeddable":true,"href":"https:\/\/vitensenternordland.no\/en\/wp-json\/wp\/v2\/hovedside?post=5764"},{"taxonomy":"infoside","embeddable":true,"href":"https:\/\/vitensenternordland.no\/en\/wp-json\/wp\/v2\/infoside?post=5764"}],"curies":[{"name":"wp","href":"https:\/\/api.w.org\/{rel}","templated":true}]}}