{"id":5466,"date":"2026-02-05T11:22:40","date_gmt":"2026-02-05T10:22:40","guid":{"rendered":"https:\/\/vitensenternordland.no\/course-for-teachers\/"},"modified":"2026-04-10T08:31:03","modified_gmt":"2026-04-10T06:31:03","slug":"course-for-teachers","status":"publish","type":"page","link":"https:\/\/vitensenternordland.no\/en\/course-for-teachers\/","title":{"rendered":"Course for teachers"},"content":{"rendered":"\n<h1>\n\t\t\tKurs for l\u00e6rere\t<\/h1>\n\t<p>Vi tilbyr kurs og kompetanseheving for l\u00e6rere og ansatte i barnehage og skole.<\/p>\n<p>Jobber dere med et realfaglig tema, eller har en id\u00e9 dere \u00f8nsker \u00e5 utvikle videre?<br data-start=\"2633\" data-end=\"2636\" \/>Vi er \u00e5pne for samarbeid og tilpasning av opplegg &#8211; ta gjerne kontakt for en prat<\/p>\n\t\t\t\t<img decoding=\"async\" src=\"https:\/\/vitensenternordland.no\/wp-content\/plugins\/bb-plugin\/img\/pixel.png\" alt=\"\" itemprop=\"image\" onerror=\"this.style.display='none'\" loading=\"lazy\" \/>\n<h4>\n\t\t\tVelg kurs\t<\/h4>\n<h2>\n\t\t\tDette tilbyr vi\t<\/h2>\n\t<ul>\n<li data-start=\"1037\" data-end=\"1113\">Undervisningsopplegg tilpasset barnehage, grunnskole og videreg\u00e5ende skole<\/li>\n<li data-start=\"1116\" data-end=\"1154\">Opplegg basert p\u00e5 ramme- og l\u00e6replan<\/li>\n<li data-start=\"1157\" data-end=\"1241\">Bes\u00f8k hos Vitensenter Nordland eller opplegg gjennomf\u00f8rt hos skole eller barnehage<\/li>\n<li data-start=\"1244\" data-end=\"1347\">Kurs og kompetanseheving for l\u00e6rere, blant annet innen programmering og praktisk realfagsundervisning<\/li>\n<\/ul>\n<h4>\n\t\t\tVelg trinn\t<\/h4>\n\t\t\t<a href=\"https:\/\/vitensenternordland.no\/en\/kindergarten\/\" target=\"_self\">\n\t\t\t\t\t\t\tTILBUD TIL BARNEHAGER\n\t\t\t\t\t<\/a>\n\t\t\t<a href=\"https:\/\/vitensenternordland.no\/en\/primary-school-grades-1-4\/\" target=\"_self\">\n\t\t\t\t\t\t\tTILBUD TIL SM\u00c5TRINN\n\t\t\t\t\t<\/a>\n\t\t\t<a href=\"https:\/\/vitensenternordland.no\/en\/upper-primary-grades-5-7\/\" target=\"_self\">\n\t\t\t\t\t\t\tTILBUD TIL MELLOMTRINN\n\t\t\t\t\t<\/a>\n\t\t\t<a href=\"https:\/\/vitensenternordland.no\/en\/lower-secondary-grades-8-10\/\" target=\"_self\">\n\t\t\t\t\t\t\tTILBUD TIL UNGDOMSTRINN\n\t\t\t\t\t<\/a>\n\t\t\t<a href=\"https:\/\/vitensenternordland.no\/en\/upper-secondary\/\" target=\"_self\">\n\t\t\t\t\t\t\tTILBUD TIL VIDEREG\u00c5ENDE\n\t\t\t\t\t<\/a>\n\t<p>Elevene f\u00e5r utforske fenomener knyttet til natur, milj\u00f8 og helse gjennom v\u00e5re interaktive modeller.<br data-start=\"897\" data-end=\"900\" \/>Hos oss handler det ikke bare om \u00e5 se &#8211; men om \u00e5 kjenne, teste, bygge og utforske sammen med v\u00e5re formidlere.<\/p>\n<h2>\n\t\t\tKontakt oss\t<\/h2>\n\tHar du sp\u00f8rsm\u00e5l eller \u00f8nsker \u00e5 bestille et bes\u00f8k for skole eller barnehage, ta gjerne kontakt.\n\n\ud83d\udce7 <a rel=\"noopener\" data-start=\"3452\" data-end=\"3479\">post@vitensenternordland.no<\/a><br data-start=\"3479\" data-end=\"3482\" \/>\ud83d\udcde\u00a0 907 06 200\n\n","protected":false},"excerpt":{"rendered":"<p>Kurs for l\u00e6rere Vi tilbyr kurs og kompetanseheving for l\u00e6rere og ansatte i barnehage og skole. Jobber dere med et realfaglig tema, eller har en id\u00e9 dere \u00f8nsker \u00e5 utvikle videre?Vi er \u00e5pne for samarbeid og tilpasning av opplegg &#8211; ta gjerne kontakt for en prat Velg kurs Dette tilbyr vi Undervisningsopplegg tilpasset barnehage, grunnskole&hellip;<\/p>\n","protected":false},"author":8,"featured_media":2030,"parent":0,"menu_order":10,"comment_status":"closed","ping_status":"closed","template":"","meta":{"_acf_changed":false,"_analytify_skip_tracking":false,"footnotes":""},"hovedside":[],"infoside":[],"class_list":["post-5466","page","type-page","status-publish","has-post-thumbnail","hentry"],"acf":[],"yoast_head":"<!-- This site is optimized with the Yoast SEO plugin v27.2 - https:\/\/yoast.com\/product\/yoast-seo-wordpress\/ -->\n<title>Course for teachers - Vitensenter Nordland<\/title>\n<meta name=\"robots\" content=\"index, follow, max-snippet:-1, max-image-preview:large, max-video-preview:-1\" \/>\n<link rel=\"canonical\" href=\"https:\/\/vitensenternordland.no\/en\/course-for-teachers\/\" \/>\n<meta property=\"og:locale\" content=\"en_US\" \/>\n<meta property=\"og:type\" content=\"article\" \/>\n<meta property=\"og:title\" content=\"Course for teachers - Vitensenter Nordland\" \/>\n<meta property=\"og:description\" content=\"Kurs for l\u00e6rere Vi tilbyr kurs og kompetanseheving for l\u00e6rere og ansatte i barnehage og skole. Jobber dere med et realfaglig tema, eller har en id\u00e9 dere \u00f8nsker \u00e5 utvikle videre?Vi er \u00e5pne for samarbeid og tilpasning av opplegg &#8211; ta gjerne kontakt for en prat Velg kurs Dette tilbyr vi Undervisningsopplegg tilpasset barnehage, grunnskole&hellip;\" \/>\n<meta property=\"og:url\" content=\"https:\/\/vitensenternordland.no\/en\/course-for-teachers\/\" \/>\n<meta property=\"og:site_name\" content=\"Vitensenter Nordland\" \/>\n<meta property=\"article:publisher\" content=\"https:\/\/www.facebook.com\/VitensenterNordland\" \/>\n<meta property=\"article:modified_time\" content=\"2026-04-10T06:31:03+00:00\" \/>\n<meta property=\"og:image\" content=\"https:\/\/vitensenternordland.no\/wp-content\/uploads\/2021\/01\/img_6808.jpeg\" \/>\n\t<meta property=\"og:image:width\" content=\"1500\" \/>\n\t<meta property=\"og:image:height\" content=\"2000\" \/>\n\t<meta property=\"og:image:type\" content=\"image\/jpeg\" \/>\n<meta name=\"twitter:card\" content=\"summary_large_image\" \/>\n<meta name=\"twitter:label1\" content=\"Est. reading time\" \/>\n\t<meta name=\"twitter:data1\" content=\"1 minute\" \/>\n<script type=\"application\/ld+json\" class=\"yoast-schema-graph\">{\"@context\":\"https:\/\/schema.org\",\"@graph\":[{\"@type\":\"WebPage\",\"@id\":\"https:\/\/vitensenternordland.no\/en\/course-for-teachers\/\",\"url\":\"https:\/\/vitensenternordland.no\/en\/course-for-teachers\/\",\"name\":\"Course for teachers - Vitensenter Nordland\",\"isPartOf\":{\"@id\":\"https:\/\/vitensenternordland.no\/en\/#website\"},\"primaryImageOfPage\":{\"@id\":\"https:\/\/vitensenternordland.no\/en\/course-for-teachers\/#primaryimage\"},\"image\":{\"@id\":\"https:\/\/vitensenternordland.no\/en\/course-for-teachers\/#primaryimage\"},\"thumbnailUrl\":\"https:\/\/vitensenternordland.no\/wp-content\/uploads\/2021\/01\/img_6808.jpeg\",\"datePublished\":\"2026-02-05T10:22:40+00:00\",\"dateModified\":\"2026-04-10T06:31:03+00:00\",\"breadcrumb\":{\"@id\":\"https:\/\/vitensenternordland.no\/en\/course-for-teachers\/#breadcrumb\"},\"inLanguage\":\"en-US\",\"potentialAction\":[{\"@type\":\"ReadAction\",\"target\":[\"https:\/\/vitensenternordland.no\/en\/course-for-teachers\/\"]}]},{\"@type\":\"ImageObject\",\"inLanguage\":\"en-US\",\"@id\":\"https:\/\/vitensenternordland.no\/en\/course-for-teachers\/#primaryimage\",\"url\":\"https:\/\/vitensenternordland.no\/wp-content\/uploads\/2021\/01\/img_6808.jpeg\",\"contentUrl\":\"https:\/\/vitensenternordland.no\/wp-content\/uploads\/2021\/01\/img_6808.jpeg\",\"width\":1500,\"height\":2000,\"caption\":\"L\u00e6rerkurs superbit\"},{\"@type\":\"BreadcrumbList\",\"@id\":\"https:\/\/vitensenternordland.no\/en\/course-for-teachers\/#breadcrumb\",\"itemListElement\":[{\"@type\":\"ListItem\",\"position\":1,\"name\":\"Hjem\",\"item\":\"https:\/\/vitensenternordland.no\/en\/\"},{\"@type\":\"ListItem\",\"position\":2,\"name\":\"Course for teachers\"}]},{\"@type\":\"WebSite\",\"@id\":\"https:\/\/vitensenternordland.no\/en\/#website\",\"url\":\"https:\/\/vitensenternordland.no\/en\/\",\"name\":\"Vitensenter Nordland\",\"description\":\"Utforskende l\u00e6ring\",\"publisher\":{\"@id\":\"https:\/\/vitensenternordland.no\/en\/#organization\"},\"potentialAction\":[{\"@type\":\"SearchAction\",\"target\":{\"@type\":\"EntryPoint\",\"urlTemplate\":\"https:\/\/vitensenternordland.no\/en\/?s={search_term_string}\"},\"query-input\":{\"@type\":\"PropertyValueSpecification\",\"valueRequired\":true,\"valueName\":\"search_term_string\"}}],\"inLanguage\":\"en-US\"},{\"@type\":\"Organization\",\"@id\":\"https:\/\/vitensenternordland.no\/en\/#organization\",\"name\":\"Vitensenter Nordland\",\"url\":\"https:\/\/vitensenternordland.no\/en\/\",\"logo\":{\"@type\":\"ImageObject\",\"inLanguage\":\"en-US\",\"@id\":\"https:\/\/vitensenternordland.no\/en\/#\/schema\/logo\/image\/\",\"url\":\"https:\/\/vitensenternordland.no\/wp-content\/uploads\/2020\/05\/vitensenter_staende_stor.png\",\"contentUrl\":\"https:\/\/vitensenternordland.no\/wp-content\/uploads\/2020\/05\/vitensenter_staende_stor.png\",\"width\":2000,\"height\":1883,\"caption\":\"Vitensenter Nordland\"},\"image\":{\"@id\":\"https:\/\/vitensenternordland.no\/en\/#\/schema\/logo\/image\/\"},\"sameAs\":[\"https:\/\/www.facebook.com\/VitensenterNordland\",\"https:\/\/www.instagram.com\/vitensenternordland\/\"]}]}<\/script>\n<!-- \/ Yoast SEO plugin. -->","yoast_head_json":{"title":"Course for teachers - Vitensenter Nordland","robots":{"index":"index","follow":"follow","max-snippet":"max-snippet:-1","max-image-preview":"max-image-preview:large","max-video-preview":"max-video-preview:-1"},"canonical":"https:\/\/vitensenternordland.no\/en\/course-for-teachers\/","og_locale":"en_US","og_type":"article","og_title":"Course for teachers - Vitensenter Nordland","og_description":"Kurs for l\u00e6rere Vi tilbyr kurs og kompetanseheving for l\u00e6rere og ansatte i barnehage og skole. Jobber dere med et realfaglig tema, eller har en id\u00e9 dere \u00f8nsker \u00e5 utvikle videre?Vi er \u00e5pne for samarbeid og tilpasning av opplegg &#8211; ta gjerne kontakt for en prat Velg kurs Dette tilbyr vi Undervisningsopplegg tilpasset barnehage, grunnskole&hellip;","og_url":"https:\/\/vitensenternordland.no\/en\/course-for-teachers\/","og_site_name":"Vitensenter Nordland","article_publisher":"https:\/\/www.facebook.com\/VitensenterNordland","article_modified_time":"2026-04-10T06:31:03+00:00","og_image":[{"width":1500,"height":2000,"url":"https:\/\/vitensenternordland.no\/wp-content\/uploads\/2021\/01\/img_6808.jpeg","type":"image\/jpeg"}],"twitter_card":"summary_large_image","twitter_misc":{"Est. reading time":"1 minute"},"schema":{"@context":"https:\/\/schema.org","@graph":[{"@type":"WebPage","@id":"https:\/\/vitensenternordland.no\/en\/course-for-teachers\/","url":"https:\/\/vitensenternordland.no\/en\/course-for-teachers\/","name":"Course for teachers - Vitensenter Nordland","isPartOf":{"@id":"https:\/\/vitensenternordland.no\/en\/#website"},"primaryImageOfPage":{"@id":"https:\/\/vitensenternordland.no\/en\/course-for-teachers\/#primaryimage"},"image":{"@id":"https:\/\/vitensenternordland.no\/en\/course-for-teachers\/#primaryimage"},"thumbnailUrl":"https:\/\/vitensenternordland.no\/wp-content\/uploads\/2021\/01\/img_6808.jpeg","datePublished":"2026-02-05T10:22:40+00:00","dateModified":"2026-04-10T06:31:03+00:00","breadcrumb":{"@id":"https:\/\/vitensenternordland.no\/en\/course-for-teachers\/#breadcrumb"},"inLanguage":"en-US","potentialAction":[{"@type":"ReadAction","target":["https:\/\/vitensenternordland.no\/en\/course-for-teachers\/"]}]},{"@type":"ImageObject","inLanguage":"en-US","@id":"https:\/\/vitensenternordland.no\/en\/course-for-teachers\/#primaryimage","url":"https:\/\/vitensenternordland.no\/wp-content\/uploads\/2021\/01\/img_6808.jpeg","contentUrl":"https:\/\/vitensenternordland.no\/wp-content\/uploads\/2021\/01\/img_6808.jpeg","width":1500,"height":2000,"caption":"L\u00e6rerkurs superbit"},{"@type":"BreadcrumbList","@id":"https:\/\/vitensenternordland.no\/en\/course-for-teachers\/#breadcrumb","itemListElement":[{"@type":"ListItem","position":1,"name":"Hjem","item":"https:\/\/vitensenternordland.no\/en\/"},{"@type":"ListItem","position":2,"name":"Course for teachers"}]},{"@type":"WebSite","@id":"https:\/\/vitensenternordland.no\/en\/#website","url":"https:\/\/vitensenternordland.no\/en\/","name":"Vitensenter Nordland","description":"Utforskende l\u00e6ring","publisher":{"@id":"https:\/\/vitensenternordland.no\/en\/#organization"},"potentialAction":[{"@type":"SearchAction","target":{"@type":"EntryPoint","urlTemplate":"https:\/\/vitensenternordland.no\/en\/?s={search_term_string}"},"query-input":{"@type":"PropertyValueSpecification","valueRequired":true,"valueName":"search_term_string"}}],"inLanguage":"en-US"},{"@type":"Organization","@id":"https:\/\/vitensenternordland.no\/en\/#organization","name":"Vitensenter Nordland","url":"https:\/\/vitensenternordland.no\/en\/","logo":{"@type":"ImageObject","inLanguage":"en-US","@id":"https:\/\/vitensenternordland.no\/en\/#\/schema\/logo\/image\/","url":"https:\/\/vitensenternordland.no\/wp-content\/uploads\/2020\/05\/vitensenter_staende_stor.png","contentUrl":"https:\/\/vitensenternordland.no\/wp-content\/uploads\/2020\/05\/vitensenter_staende_stor.png","width":2000,"height":1883,"caption":"Vitensenter Nordland"},"image":{"@id":"https:\/\/vitensenternordland.no\/en\/#\/schema\/logo\/image\/"},"sameAs":["https:\/\/www.facebook.com\/VitensenterNordland","https:\/\/www.instagram.com\/vitensenternordland\/"]}]}},"_links":{"self":[{"href":"https:\/\/vitensenternordland.no\/en\/wp-json\/wp\/v2\/pages\/5466","targetHints":{"allow":["GET"]}}],"collection":[{"href":"https:\/\/vitensenternordland.no\/en\/wp-json\/wp\/v2\/pages"}],"about":[{"href":"https:\/\/vitensenternordland.no\/en\/wp-json\/wp\/v2\/types\/page"}],"author":[{"embeddable":true,"href":"https:\/\/vitensenternordland.no\/en\/wp-json\/wp\/v2\/users\/8"}],"replies":[{"embeddable":true,"href":"https:\/\/vitensenternordland.no\/en\/wp-json\/wp\/v2\/comments?post=5466"}],"version-history":[{"count":0,"href":"https:\/\/vitensenternordland.no\/en\/wp-json\/wp\/v2\/pages\/5466\/revisions"}],"wp:featuredmedia":[{"embeddable":true,"href":"https:\/\/vitensenternordland.no\/en\/wp-json\/wp\/v2\/media\/2030"}],"wp:attachment":[{"href":"https:\/\/vitensenternordland.no\/en\/wp-json\/wp\/v2\/media?parent=5466"}],"wp:term":[{"taxonomy":"hovedside","embeddable":true,"href":"https:\/\/vitensenternordland.no\/en\/wp-json\/wp\/v2\/hovedside?post=5466"},{"taxonomy":"infoside","embeddable":true,"href":"https:\/\/vitensenternordland.no\/en\/wp-json\/wp\/v2\/infoside?post=5466"}],"curies":[{"name":"wp","href":"https:\/\/api.w.org\/{rel}","templated":true}]}}