{"id":5429,"date":"2026-02-03T10:17:04","date_gmt":"2026-02-03T09:17:04","guid":{"rendered":"https:\/\/vitensenternordland.no\/home\/whats-happening-at-vitensenter-nordland\/"},"modified":"2026-04-17T10:05:39","modified_gmt":"2026-04-17T08:05:39","slug":"whats-happening-at-vitensenter-nordland","status":"publish","type":"page","link":"https:\/\/vitensenternordland.no\/en\/home\/whats-happening-at-vitensenter-nordland\/","title":{"rendered":"What&#8217;s happening at Vitensenter Nordland?"},"content":{"rendered":"\n\n\t<h1><strong>Hva skjer p\u00e5<br \/>\n<\/strong><strong>Vitensenter Nordland?<\/strong><\/h1>\nHos oss skjer det alltid noe nytt og spennende! Her finner du oversikt over aktuelle arrangementer, \u00e5pningstider og billettpriser til Vitensenter Nordland. Enten du vil utforske vitenskap gjennom eksperimenter, bli med p\u00e5 verksted eller delta p\u00e5 helgeprogram, er det alltid noe \u00e5 oppdage for b\u00e5de sm\u00e5 og store forskerspirer.\n<strong>F\u00f8lg med p\u00e5 denne siden for \u00e5 holde deg oppdatert p\u00e5 helgeprogram uke for uke!<\/strong>\n\t\t\t\t<img decoding=\"async\" src=\"https:\/\/vitensenternordland.no\/wp-content\/uploads\/2025\/06\/gruppebilde_1.jpg\" alt=\"Hva skjer p\u00e5 Vitensenter Nordland?\" itemprop=\"image\" height=\"1417\" width=\"1890\" title=\"Vitenvertene\" onerror=\"this.style.display='none'\" loading=\"lazy\" \/>\n<h2>\n\t\t\tNytt p\u00e5 senteret\t<\/h2>\n\tI mars \u00e5pner vi et helt nytt matteomr\u00e5de p\u00e5 senteret! Her kan barn, unge og voksne utforske matematikk p\u00e5 en praktisk om morsom m\u00e5te.<br \/>\nOmr\u00e5det er fylt med varierte utfordringer som som inviterer til samarbeid, undring og mestring &#8211; enten du liker tall, former, logikk eller kreative probleml\u00f8sningsoppgaver.\n<p>Dette passer like godt for barnefamilier p\u00e5 leting etter noe nytt \u00e5 gj\u00f8re sammen, som for skoleklasser og l\u00e6rere som \u00f8nsker og l\u00e6rere som \u00f8nsker \u00e5 gi elevene en annerledes og engasjerende matteopplevelse. Oppgavene er lagt opp slik at b\u00e5de sm\u00e5 og store kan finne noe som passer sitt niv\u00e5.<\/p>\n<p>Kom og oppdag hvordan matte kan bli en aktivitet man gj\u00f8r &#8211; ikke bare noe man regner!<\/p>\n<h2>\n\t\t\tDenne helgen\t<\/h2>\n\t<h2 data-section-id=\"14akwco\" data-start=\"1074\" data-end=\"1092\">L\u00f8rdag 18. april<\/h2>\n<strong data-start=\"1093\" data-end=\"1135\">Hele dagen: Oppgavehefte i resepsjonen<\/strong>\nInneholder:\n<ul data-start=\"1150\" data-end=\"1199\">\n<li data-section-id=\"613sez\" data-start=\"1150\" data-end=\"1158\">Sudoku<\/li>\n<li data-section-id=\"kk0oo1\" data-start=\"1159\" data-end=\"1177\">Paint-by-numbers<\/li>\n<li data-section-id=\"19wiryr\" data-start=\"1178\" data-end=\"1189\">Figurjakt<\/li>\n<li data-section-id=\"1d4e7py\" data-start=\"1190\" data-end=\"1199\">Algebra<\/li>\n<\/ul>\n<strong data-start=\"1201\" data-end=\"1229\"><br \/>\nKl. 11.00 &#8211; Ballongbattle<\/strong>\n<strong data-start=\"1287\" data-end=\"1317\">Kl. 14.00 &#8211; V\u00e5r og spiring<br \/>\n<\/strong>S\u00e5 karse og lag fuglemat!\n\t<h2 data-section-id=\"1x1934a\" data-start=\"1352\" data-end=\"1370\">S\u00f8ndag 19. april<\/h2>\n<strong data-start=\"1371\" data-end=\"1413\">Hele dagen: Oppgavehefte i resepsjonen<\/strong>\nInneholder:\n<ul data-start=\"1428\" data-end=\"1477\">\n<li data-section-id=\"613sez\" data-start=\"1428\" data-end=\"1436\">Sudoku<\/li>\n<li data-section-id=\"kk0oo1\" data-start=\"1437\" data-end=\"1455\">Paint-by-numbers<\/li>\n<li data-section-id=\"19wiryr\" data-start=\"1456\" data-end=\"1467\">Figurjakt<\/li>\n<li data-section-id=\"1d4e7py\" data-start=\"1468\" data-end=\"1477\">Algebra<\/li>\n<\/ul>\n<strong data-start=\"1479\" data-end=\"1528\"><br \/>\nKl. 11.00 &#8211; Kjemimysterie: innbrudd p\u00e5 labben<\/strong><br data-start=\"1528\" data-end=\"1531\" \/>Bli med og l\u00f8s mysteriet!\n<strong data-start=\"1558\" data-end=\"1600\">Kl. 12.00-15.00 &#8211; \u00c5pent skaperverksted<\/strong>\n<ul data-start=\"1603\" data-end=\"1666\">\n<li data-section-id=\"19po9lr\" data-start=\"1603\" data-end=\"1637\">Kjemisk maleri<\/li>\n<li data-section-id=\"oe3v9f\" data-start=\"1638\" data-end=\"1649\">Perling<\/li>\n<li data-section-id=\"rw5k1a\" data-start=\"1650\" data-end=\"1666\">Suger\u00f8rrakett<\/li>\n<\/ul>\n\t\t\t\t<a href=\"https:\/\/vitensenternordland.no\/utstillinger\/\"  target=\"_self\" itemprop=\"url\">\n\t\t\t\t<img decoding=\"async\" src=\"https:\/\/vitensenternordland.no\/wp-content\/uploads\/2026\/01\/utstillinger-og-opplevelser-1.png\" alt=\"Utstillinger og opplevelser\" itemprop=\"image\" height=\"500\" width=\"500\" title=\"Utstillinger og opplevelser\" onerror=\"this.style.display='none'\" loading=\"lazy\" \/>\n\t\t\t\t<\/a>\n<h2><a href=\"https:\/\/vitensenternordland.no\/utstillinger\/\" target=\"_self\">Utforsk utstillingene<\/a><\/h2>\t\n\t\t\t\t<a href=\"https:\/\/vitensenternordland.no\/besok-oss\/\"  target=\"_self\" itemprop=\"url\">\n\t\t\t\t<img decoding=\"async\" src=\"https:\/\/vitensenternordland.no\/wp-content\/uploads\/2026\/01\/17.png\" alt=\"Oppm\u00f8te\" itemprop=\"image\" height=\"500\" width=\"500\" title=\"Oppm\u00f8te\" onerror=\"this.style.display='none'\" loading=\"lazy\" \/>\n\t\t\t\t<\/a>\n<h2><a href=\"https:\/\/vitensenternordland.no\/besok-oss\/\" target=\"_self\">Planlegg bes\u00f8ket<\/a><\/h2>\t\n\t\t\t\t<a href=\"https:\/\/vitensenternordland.no\/arrangementer\/\"  target=\"_self\" itemprop=\"url\">\n\t\t\t\t<img decoding=\"async\" src=\"https:\/\/vitensenternordland.no\/wp-content\/uploads\/2026\/01\/arrangementer.png\" alt=\"Arrangementer\" itemprop=\"image\" height=\"500\" width=\"500\" title=\"Arrangementer\" onerror=\"this.style.display='none'\" loading=\"lazy\" \/>\n\t\t\t\t<\/a>\n<h2><a href=\"https:\/\/vitensenternordland.no\/arrangementer\/\" target=\"_self\">Arrangement<\/a><\/h2>\t\n\t\t\t\t<a href=\"https:\/\/vitensenternordland.no\/informasjon\/ansatte\/\"  target=\"_self\" itemprop=\"url\">\n\t\t\t\t<img decoding=\"async\" src=\"https:\/\/vitensenternordland.no\/wp-content\/uploads\/2026\/01\/samarbeid.png\" alt=\"Samarbeid\" itemprop=\"image\" height=\"500\" width=\"500\" title=\"Samarbeid\" onerror=\"this.style.display='none'\" loading=\"lazy\" \/>\n\t\t\t\t<\/a>\n<h2><a href=\"https:\/\/vitensenternordland.no\/informasjon\/ansatte\/\" target=\"_self\">Kontakt oss<\/a><\/h2>\t\n\t\t\t\t<img decoding=\"async\" src=\"https:\/\/vitensenternordland.no\/wp-content\/uploads\/2024\/09\/hostviten.png\" alt=\"H\u00f8stviten\" itemprop=\"image\" height=\"1063\" width=\"1890\" title=\"H\u00f8stviten\" onerror=\"this.style.display='none'\" loading=\"lazy\" \/>\n<h1 role=\"presentation\"><strong>Ordin\u00e6re \u00e5pningstider<\/strong><\/h1>\n\t<p>Dette er de ordin\u00e6re \u00e5pningstider, tidene kan endres i ferier.<\/p>\n<p><strong>Mandag<\/strong>: Stengt<\/p>\n<p><strong>Tirsdag<\/strong>: kl. 10.00 &#8211; 15:00<\/p>\n<p><strong>Onsdag<\/strong>: kl. 10.00 &#8211; 15.00<\/p>\n<p><strong>Torsdag<\/strong>: kl. 10:00 &#8211; 15.00<\/p>\n<p><strong>Fredag<\/strong>: kl. 10.00 &#8211; 15.00<\/p>\n<p><strong>L\u00f8rdag &#8211; S\u00f8ndag<\/strong>: kl. 10.00 &#8211; 16.00<\/p>\n<h3><strong>Spesielle \u00e5pningstider<\/strong><\/h3>\n\t<p><strong>\u00c5pent:<\/strong><\/p>\n<ul type=\"disc\">\n<li>Torsdag 14. mai &#8211; Kristi Himmelfartsdag: kl. 10:00-16:00<\/li>\n<li>S\u00f8ndag 24. mai &#8211; 1. Pinsedag: kl. 10:00-16:00<\/li>\n<\/ul>\n<p><strong>Stengt:<\/strong><\/p>\n<ul type=\"disc\">\n<li>Fredag 17. April. Arrangement<\/li>\n<li>Onsdag 6. Mai. Arrangement<\/li>\n<li>S\u00f8ndag 17. mai &#8211; Grunnlovsdag<\/li>\n<li>Mandag 25. mai &#8211; 2. Pinsedag<\/li>\n<\/ul>\n\t\t\t\t<img decoding=\"async\" src=\"https:\/\/vitensenternordland.no\/wp-content\/uploads\/2026\/01\/untitled-design-2.jpg\" alt=\"Untitled design (2)\" itemprop=\"image\" height=\"1500\" width=\"1500\" title=\"Untitled design (2)\" onerror=\"this.style.display='none'\" loading=\"lazy\" \/>\n\t\t\t\t<img decoding=\"async\" src=\"https:\/\/vitensenternordland.no\/wp-content\/uploads\/2025\/11\/vitensenteret-liten-25.jpg\" alt=\"Vitensenteret-liten-25\" itemprop=\"image\" height=\"1333\" width=\"2000\" title=\"Vitensenteret-liten-25\" onerror=\"this.style.display='none'\" loading=\"lazy\" \/>\n<h3><strong>Billettpriser<\/strong><\/h3>\n\t<ul>\n<li>Voksne (18 \u00e5r &#8211; 67 \u00e5r): 140,-<\/li>\n<li>Barn (3 &#8211; 17 \u00e5r): 115,-<\/li>\n<li>Maksibillett (2 Voksne + 3 barn): 550,-<\/li>\n<li>Student: 115,-<\/li>\n<li>Honn\u00f8r: 115,-<\/li>\n<li>Grupper (10 eller flere): 110,-<\/li>\n<li>Ekstra p\u00e5 maksibillett:\u00a0 70,-<\/li>\n<li>Barn under 3 \u00e5r: 0,-<\/li>\n<li>Ledsager (bevis m\u00e5 fremlegges ved inngang): 0,-<\/li>\n<\/ul>\n<p><a href=\"https:\/\/vitensenternordland.no\/besok-oss\/skoler-og-barnehager\/\">Egne priser for skoler og barnehager<\/a><\/p>\n<h2>\n\t\t\tNyheter\t<\/h2>\n<h2>\n\t\t\tBestill opplevelser p\u00e5 hele helgeland\t<\/h2>\n\tN\u00e5r du bes\u00f8ker Vitensenter Nordland i\u00a0<strong data-start=\"222\" data-end=\"247\">familiebyen Mo i Rana<\/strong>, finnes det mange spennende opplevelser i n\u00e6romr\u00e5det &#8211; for hele familien.\nVi har samlet aktiviteter, arrangementer og overnatting fra lokale akt\u00f8rer, slik at du enkelt kan planlegge oppholdet ditt og oppleve mer av det Helgeland har \u00e5 by p\u00e5.\nN\u00e5r du bestiller via oss, st\u00f8tter du b\u00e5de lokale tilbydere og Vitensenter Nordland.\n\t\t\t<a href=\"https:\/\/vitensenternordland.no\/opplevelser-i-mo-i-rana-og-helgeland\/\" target=\"_self\">\n\t\t\t\t\t\t\tBOOK OVERNATTING OG OPPLEVELSER\n\t\t\t\t\t<\/a>\n\t\t\t\t<a href=\"https:\/\/vitensenternordland.no\/kurs-konferanse-pa-vitensenter-nordland\/vitenshow\/\"  target=\"_self\" itemprop=\"url\">\n\t\t\t\t<img decoding=\"async\" src=\"https:\/\/vitensenternordland.no\/wp-content\/uploads\/bb-plugin\/cache\/fjelltur-til-donnamannen_kristoffer-mollevik-_-visit-helgeland-1-circle-2f91cf87cebc72dbbdfadbbb413ba7b7-.jpg\" alt=\"Fjelltur D\u00f8nnamen. Kristoffer M\u00f8llevik \/ Visit Helgeland\" itemprop=\"image\" height=\"1500\" width=\"2000\" title=\"Fjelltur til Donnamannen_Kristoffer Mollevik _ Visit Helgeland\" onerror=\"this.style.display='none'\" loading=\"lazy\" \/>\n\t\t\t\t<\/a>\n\n","protected":false},"excerpt":{"rendered":"<p>Hva skjer p\u00e5 Vitensenter Nordland? Hos oss skjer det alltid noe nytt og spennende! Her finner du oversikt over aktuelle arrangementer, \u00e5pningstider og billettpriser til Vitensenter Nordland. Enten du vil utforske vitenskap gjennom eksperimenter, bli med p\u00e5 verksted eller delta p\u00e5 helgeprogram, er det alltid noe \u00e5 oppdage for b\u00e5de sm\u00e5 og store forskerspirer. F\u00f8lg&hellip;<\/p>\n","protected":false},"author":8,"featured_media":4461,"parent":2208,"menu_order":2,"comment_status":"closed","ping_status":"closed","template":"","meta":{"_acf_changed":false,"_analytify_skip_tracking":false,"footnotes":""},"hovedside":[66],"infoside":[63],"class_list":["post-5429","page","type-page","status-publish","has-post-thumbnail","hentry","hovedside-nyheter-og-program","infoside-yes"],"acf":[],"yoast_head":"<!-- This site is optimized with the Yoast SEO plugin v27.2 - https:\/\/yoast.com\/product\/yoast-seo-wordpress\/ -->\n<title>What&#039;s happening at Vitensenter Nordland? - Vitensenter Nordland<\/title>\n<meta name=\"description\" content=\"Find opening hours, ticket prices and weekend programs at Vitensenter Nordland. Plan your visit and experience science for the whole family.\" \/>\n<meta name=\"robots\" content=\"index, follow, max-snippet:-1, max-image-preview:large, max-video-preview:-1\" \/>\n<link rel=\"canonical\" href=\"https:\/\/vitensenternordland.no\/en\/home\/whats-happening-at-vitensenter-nordland\/\" \/>\n<meta property=\"og:locale\" content=\"en_US\" \/>\n<meta property=\"og:type\" content=\"article\" \/>\n<meta property=\"og:title\" content=\"What&#039;s happening at Vitensenter Nordland? - Vitensenter Nordland\" \/>\n<meta property=\"og:description\" content=\"Find opening hours, ticket prices and weekend programs at Vitensenter Nordland. Plan your visit and experience science for the whole family.\" \/>\n<meta property=\"og:url\" content=\"https:\/\/vitensenternordland.no\/en\/home\/whats-happening-at-vitensenter-nordland\/\" \/>\n<meta property=\"og:site_name\" content=\"Vitensenter Nordland\" \/>\n<meta property=\"article:publisher\" content=\"https:\/\/www.facebook.com\/VitensenterNordland\" \/>\n<meta property=\"article:modified_time\" content=\"2026-04-17T08:05:39+00:00\" \/>\n<meta property=\"og:image\" content=\"https:\/\/vitensenternordland.no\/wp-content\/uploads\/2025\/06\/gruppebilde_1-1024x768.jpg\" \/>\n\t<meta property=\"og:image:width\" content=\"1024\" \/>\n\t<meta property=\"og:image:height\" content=\"768\" \/>\n\t<meta property=\"og:image:type\" content=\"image\/jpeg\" \/>\n<meta name=\"twitter:card\" content=\"summary_large_image\" \/>\n<meta name=\"twitter:label1\" content=\"Est. reading time\" \/>\n\t<meta name=\"twitter:data1\" content=\"2 minutes\" \/>\n<script type=\"application\/ld+json\" class=\"yoast-schema-graph\">{\"@context\":\"https:\/\/schema.org\",\"@graph\":[{\"@type\":\"WebPage\",\"@id\":\"https:\/\/vitensenternordland.no\/en\/home\/whats-happening-at-vitensenter-nordland\/\",\"url\":\"https:\/\/vitensenternordland.no\/en\/home\/whats-happening-at-vitensenter-nordland\/\",\"name\":\"What's happening at Vitensenter Nordland? - Vitensenter Nordland\",\"isPartOf\":{\"@id\":\"https:\/\/vitensenternordland.no\/en\/#website\"},\"primaryImageOfPage\":{\"@id\":\"https:\/\/vitensenternordland.no\/en\/home\/whats-happening-at-vitensenter-nordland\/#primaryimage\"},\"image\":{\"@id\":\"https:\/\/vitensenternordland.no\/en\/home\/whats-happening-at-vitensenter-nordland\/#primaryimage\"},\"thumbnailUrl\":\"https:\/\/vitensenternordland.no\/wp-content\/uploads\/2025\/06\/gruppebilde_1.jpg\",\"datePublished\":\"2026-02-03T09:17:04+00:00\",\"dateModified\":\"2026-04-17T08:05:39+00:00\",\"description\":\"Find opening hours, ticket prices and weekend programs at Vitensenter Nordland. Plan your visit and experience science for the whole family.\",\"breadcrumb\":{\"@id\":\"https:\/\/vitensenternordland.no\/en\/home\/whats-happening-at-vitensenter-nordland\/#breadcrumb\"},\"inLanguage\":\"en-US\",\"potentialAction\":[{\"@type\":\"ReadAction\",\"target\":[\"https:\/\/vitensenternordland.no\/en\/home\/whats-happening-at-vitensenter-nordland\/\"]}]},{\"@type\":\"ImageObject\",\"inLanguage\":\"en-US\",\"@id\":\"https:\/\/vitensenternordland.no\/en\/home\/whats-happening-at-vitensenter-nordland\/#primaryimage\",\"url\":\"https:\/\/vitensenternordland.no\/wp-content\/uploads\/2025\/06\/gruppebilde_1.jpg\",\"contentUrl\":\"https:\/\/vitensenternordland.no\/wp-content\/uploads\/2025\/06\/gruppebilde_1.jpg\",\"width\":1890,\"height\":1417,\"caption\":\"Bilde av Vitenvertene v\u00e5re\"},{\"@type\":\"BreadcrumbList\",\"@id\":\"https:\/\/vitensenternordland.no\/en\/home\/whats-happening-at-vitensenter-nordland\/#breadcrumb\",\"itemListElement\":[{\"@type\":\"ListItem\",\"position\":1,\"name\":\"Hjem\",\"item\":\"https:\/\/vitensenternordland.no\/en\/\"},{\"@type\":\"ListItem\",\"position\":2,\"name\":\"Home\",\"item\":\"https:\/\/vitensenternordland.no\/en\/\"},{\"@type\":\"ListItem\",\"position\":3,\"name\":\"What&#8217;s happening at Vitensenter Nordland?\"}]},{\"@type\":\"WebSite\",\"@id\":\"https:\/\/vitensenternordland.no\/en\/#website\",\"url\":\"https:\/\/vitensenternordland.no\/en\/\",\"name\":\"Vitensenter Nordland\",\"description\":\"Utforskende l\u00e6ring\",\"publisher\":{\"@id\":\"https:\/\/vitensenternordland.no\/en\/#organization\"},\"potentialAction\":[{\"@type\":\"SearchAction\",\"target\":{\"@type\":\"EntryPoint\",\"urlTemplate\":\"https:\/\/vitensenternordland.no\/en\/?s={search_term_string}\"},\"query-input\":{\"@type\":\"PropertyValueSpecification\",\"valueRequired\":true,\"valueName\":\"search_term_string\"}}],\"inLanguage\":\"en-US\"},{\"@type\":\"Organization\",\"@id\":\"https:\/\/vitensenternordland.no\/en\/#organization\",\"name\":\"Vitensenter Nordland\",\"url\":\"https:\/\/vitensenternordland.no\/en\/\",\"logo\":{\"@type\":\"ImageObject\",\"inLanguage\":\"en-US\",\"@id\":\"https:\/\/vitensenternordland.no\/en\/#\/schema\/logo\/image\/\",\"url\":\"https:\/\/vitensenternordland.no\/wp-content\/uploads\/2020\/05\/vitensenter_staende_stor.png\",\"contentUrl\":\"https:\/\/vitensenternordland.no\/wp-content\/uploads\/2020\/05\/vitensenter_staende_stor.png\",\"width\":2000,\"height\":1883,\"caption\":\"Vitensenter Nordland\"},\"image\":{\"@id\":\"https:\/\/vitensenternordland.no\/en\/#\/schema\/logo\/image\/\"},\"sameAs\":[\"https:\/\/www.facebook.com\/VitensenterNordland\",\"https:\/\/www.instagram.com\/vitensenternordland\/\"]}]}<\/script>\n<!-- \/ Yoast SEO plugin. -->","yoast_head_json":{"title":"What's happening at Vitensenter Nordland? - Vitensenter Nordland","description":"Find opening hours, ticket prices and weekend programs at Vitensenter Nordland. Plan your visit and experience science for the whole family.","robots":{"index":"index","follow":"follow","max-snippet":"max-snippet:-1","max-image-preview":"max-image-preview:large","max-video-preview":"max-video-preview:-1"},"canonical":"https:\/\/vitensenternordland.no\/en\/home\/whats-happening-at-vitensenter-nordland\/","og_locale":"en_US","og_type":"article","og_title":"What's happening at Vitensenter Nordland? - Vitensenter Nordland","og_description":"Find opening hours, ticket prices and weekend programs at Vitensenter Nordland. Plan your visit and experience science for the whole family.","og_url":"https:\/\/vitensenternordland.no\/en\/home\/whats-happening-at-vitensenter-nordland\/","og_site_name":"Vitensenter Nordland","article_publisher":"https:\/\/www.facebook.com\/VitensenterNordland","article_modified_time":"2026-04-17T08:05:39+00:00","og_image":[{"width":1024,"height":768,"url":"https:\/\/vitensenternordland.no\/wp-content\/uploads\/2025\/06\/gruppebilde_1-1024x768.jpg","type":"image\/jpeg"}],"twitter_card":"summary_large_image","twitter_misc":{"Est. reading time":"2 minutes"},"schema":{"@context":"https:\/\/schema.org","@graph":[{"@type":"WebPage","@id":"https:\/\/vitensenternordland.no\/en\/home\/whats-happening-at-vitensenter-nordland\/","url":"https:\/\/vitensenternordland.no\/en\/home\/whats-happening-at-vitensenter-nordland\/","name":"What's happening at Vitensenter Nordland? - Vitensenter Nordland","isPartOf":{"@id":"https:\/\/vitensenternordland.no\/en\/#website"},"primaryImageOfPage":{"@id":"https:\/\/vitensenternordland.no\/en\/home\/whats-happening-at-vitensenter-nordland\/#primaryimage"},"image":{"@id":"https:\/\/vitensenternordland.no\/en\/home\/whats-happening-at-vitensenter-nordland\/#primaryimage"},"thumbnailUrl":"https:\/\/vitensenternordland.no\/wp-content\/uploads\/2025\/06\/gruppebilde_1.jpg","datePublished":"2026-02-03T09:17:04+00:00","dateModified":"2026-04-17T08:05:39+00:00","description":"Find opening hours, ticket prices and weekend programs at Vitensenter Nordland. Plan your visit and experience science for the whole family.","breadcrumb":{"@id":"https:\/\/vitensenternordland.no\/en\/home\/whats-happening-at-vitensenter-nordland\/#breadcrumb"},"inLanguage":"en-US","potentialAction":[{"@type":"ReadAction","target":["https:\/\/vitensenternordland.no\/en\/home\/whats-happening-at-vitensenter-nordland\/"]}]},{"@type":"ImageObject","inLanguage":"en-US","@id":"https:\/\/vitensenternordland.no\/en\/home\/whats-happening-at-vitensenter-nordland\/#primaryimage","url":"https:\/\/vitensenternordland.no\/wp-content\/uploads\/2025\/06\/gruppebilde_1.jpg","contentUrl":"https:\/\/vitensenternordland.no\/wp-content\/uploads\/2025\/06\/gruppebilde_1.jpg","width":1890,"height":1417,"caption":"Bilde av Vitenvertene v\u00e5re"},{"@type":"BreadcrumbList","@id":"https:\/\/vitensenternordland.no\/en\/home\/whats-happening-at-vitensenter-nordland\/#breadcrumb","itemListElement":[{"@type":"ListItem","position":1,"name":"Hjem","item":"https:\/\/vitensenternordland.no\/en\/"},{"@type":"ListItem","position":2,"name":"Home","item":"https:\/\/vitensenternordland.no\/en\/"},{"@type":"ListItem","position":3,"name":"What&#8217;s happening at Vitensenter Nordland?"}]},{"@type":"WebSite","@id":"https:\/\/vitensenternordland.no\/en\/#website","url":"https:\/\/vitensenternordland.no\/en\/","name":"Vitensenter Nordland","description":"Utforskende l\u00e6ring","publisher":{"@id":"https:\/\/vitensenternordland.no\/en\/#organization"},"potentialAction":[{"@type":"SearchAction","target":{"@type":"EntryPoint","urlTemplate":"https:\/\/vitensenternordland.no\/en\/?s={search_term_string}"},"query-input":{"@type":"PropertyValueSpecification","valueRequired":true,"valueName":"search_term_string"}}],"inLanguage":"en-US"},{"@type":"Organization","@id":"https:\/\/vitensenternordland.no\/en\/#organization","name":"Vitensenter Nordland","url":"https:\/\/vitensenternordland.no\/en\/","logo":{"@type":"ImageObject","inLanguage":"en-US","@id":"https:\/\/vitensenternordland.no\/en\/#\/schema\/logo\/image\/","url":"https:\/\/vitensenternordland.no\/wp-content\/uploads\/2020\/05\/vitensenter_staende_stor.png","contentUrl":"https:\/\/vitensenternordland.no\/wp-content\/uploads\/2020\/05\/vitensenter_staende_stor.png","width":2000,"height":1883,"caption":"Vitensenter Nordland"},"image":{"@id":"https:\/\/vitensenternordland.no\/en\/#\/schema\/logo\/image\/"},"sameAs":["https:\/\/www.facebook.com\/VitensenterNordland","https:\/\/www.instagram.com\/vitensenternordland\/"]}]}},"_links":{"self":[{"href":"https:\/\/vitensenternordland.no\/en\/wp-json\/wp\/v2\/pages\/5429","targetHints":{"allow":["GET"]}}],"collection":[{"href":"https:\/\/vitensenternordland.no\/en\/wp-json\/wp\/v2\/pages"}],"about":[{"href":"https:\/\/vitensenternordland.no\/en\/wp-json\/wp\/v2\/types\/page"}],"author":[{"embeddable":true,"href":"https:\/\/vitensenternordland.no\/en\/wp-json\/wp\/v2\/users\/8"}],"replies":[{"embeddable":true,"href":"https:\/\/vitensenternordland.no\/en\/wp-json\/wp\/v2\/comments?post=5429"}],"version-history":[{"count":0,"href":"https:\/\/vitensenternordland.no\/en\/wp-json\/wp\/v2\/pages\/5429\/revisions"}],"up":[{"embeddable":true,"href":"https:\/\/vitensenternordland.no\/en\/wp-json\/wp\/v2\/pages\/2208"}],"wp:featuredmedia":[{"embeddable":true,"href":"https:\/\/vitensenternordland.no\/en\/wp-json\/wp\/v2\/media\/4461"}],"wp:attachment":[{"href":"https:\/\/vitensenternordland.no\/en\/wp-json\/wp\/v2\/media?parent=5429"}],"wp:term":[{"taxonomy":"hovedside","embeddable":true,"href":"https:\/\/vitensenternordland.no\/en\/wp-json\/wp\/v2\/hovedside?post=5429"},{"taxonomy":"infoside","embeddable":true,"href":"https:\/\/vitensenternordland.no\/en\/wp-json\/wp\/v2\/infoside?post=5429"}],"curies":[{"name":"wp","href":"https:\/\/api.w.org\/{rel}","templated":true}]}}