{"id":2208,"date":"2022-01-24T21:41:43","date_gmt":"2022-01-24T20:41:43","guid":{"rendered":"https:\/\/vitensenternordland.no\/home\/"},"modified":"2026-04-17T07:56:59","modified_gmt":"2026-04-17T05:56:59","slug":"home","status":"publish","type":"page","link":"https:\/\/vitensenternordland.no\/en\/","title":{"rendered":"Home"},"content":{"rendered":"\n\n\t\t\t\t<img decoding=\"async\" src=\"https:\/\/vitensenternordland.no\/wp-content\/uploads\/2022\/12\/kp-redusert-opplosning-treet.jpg\" alt=\"Bursdagsfeiring p\u00e5 Vitensenteret\" itemprop=\"image\" height=\"1333\" width=\"2000\" title=\"Bursdagsfeiring p\u00e5 Vitensenteret\" onerror=\"this.style.display='none'\" loading=\"lazy\" \/>\n<h1>\n\t\t\tUtforsk, lek og l\u00e6r &#8211; sammen\t<\/h1>\n\t<p>Et opplevelsessenter for barn, unge og voksne &#8211; med interaktive utstillinger og aktiviteter som vekker nysgjerrighet.<\/p>\n\t\t\t\t<a href=\"https:\/\/vitensenternordland.no\/skole-og-barnehage\/\"  target=\"_self\" itemprop=\"url\">\n\t\t\t\t<img decoding=\"async\" src=\"https:\/\/vitensenternordland.no\/wp-content\/uploads\/2026\/01\/skoler-og-barnehage.png\" alt=\"Skoler og barnehage\" itemprop=\"image\" height=\"500\" width=\"500\" title=\"Skoler og barnehage\" onerror=\"this.style.display='none'\" loading=\"lazy\" \/>\n\t\t\t\t<\/a>\n<h2><a href=\"https:\/\/vitensenternordland.no\/skole-og-barnehage\/\" target=\"_self\">SKOLER &#038; BARNEHAGER<\/a><\/h2><p>Undervisning, formidling og opplegg tilpasset trinn<\/p>\n<a href=\"https:\/\/vitensenternordland.no\/skole-og-barnehage\/\"  target=\"_self\">Les mer<\/a>\t\n\t\t\t\t<a href=\"https:\/\/vitensenternordland.no\/forside\/hva-skjer\/\"  target=\"_self\" itemprop=\"url\">\n\t\t\t\t<img decoding=\"async\" src=\"https:\/\/vitensenternordland.no\/wp-content\/uploads\/2026\/01\/barn-og-voksne.png\" alt=\"Barn og voksne\" itemprop=\"image\" height=\"500\" width=\"500\" title=\"Barn og voksne\" onerror=\"this.style.display='none'\" loading=\"lazy\" \/>\n\t\t\t\t<\/a>\n<h2><a href=\"https:\/\/vitensenternordland.no\/forside\/hva-skjer\/\" target=\"_self\">BARN &#038; VOKSNE<\/a><\/h2><p>Sjekk ut hva som skjer p\u00e5 senteret og planlegg bes\u00f8ket!<\/p>\n<p>&nbsp;<\/p>\n<a href=\"https:\/\/vitensenternordland.no\/forside\/hva-skjer\/\"  target=\"_self\">Les mer<\/a>\t\n\t\t\t\t<a href=\"https:\/\/vitensenternordland.no\/kurs-konferanse-pa-vitensenter-nordland\/\"  target=\"_self\" itemprop=\"url\">\n\t\t\t\t<img decoding=\"async\" src=\"https:\/\/vitensenternordland.no\/wp-content\/uploads\/2026\/01\/bedrifter-og-grupper.png\" alt=\"Bedrifter og grupper\" itemprop=\"image\" height=\"500\" width=\"500\" title=\"Bedrifter og grupper\" onerror=\"this.style.display='none'\" loading=\"lazy\" \/>\n\t\t\t\t<\/a>\n<h2><a href=\"https:\/\/vitensenternordland.no\/kurs-konferanse-pa-vitensenter-nordland\/\" target=\"_self\">BEDRIFTER &#038; GRUPPER<\/a><\/h2><p>M\u00f8ter, teambuilding og arrangement<\/p>\n<a href=\"https:\/\/vitensenternordland.no\/kurs-konferanse-pa-vitensenter-nordland\/\"  target=\"_self\">Les mer<\/a>\t\n\t\t\t\t<a href=\"https:\/\/vitensenternordland.no\/forside\/hva-skjer\/nyheter\/\"  target=\"_self\" itemprop=\"url\">\n\t\t\t\t<img decoding=\"async\" src=\"https:\/\/vitensenternordland.no\/wp-content\/uploads\/2026\/02\/utstillinger-og-opplevelser.png\" alt=\"Siste nytt fra Vitensenteret\" itemprop=\"image\" height=\"500\" width=\"500\" title=\"Siste nytt fra Vitensenteret\" onerror=\"this.style.display='none'\" loading=\"lazy\" \/>\n\t\t\t\t<\/a>\n<h2><a href=\"https:\/\/vitensenternordland.no\/forside\/hva-skjer\/nyheter\/\" target=\"_self\">Aktuelt n\u00e5<\/a><\/h2><p>Sm\u00e5 glimt fra hverdagen hos oss.<\/p>\n<a href=\"https:\/\/vitensenternordland.no\/forside\/hva-skjer\/nyheter\/\"  target=\"_self\">Les mer<\/a>\t\n<h1>\n\t\t\tNyheter\t<\/h1>\n\t<p>Store og sm\u00e5 nyheter fra Vitensenteret<\/p>\n<h1>\n\t\t\tPlanlegg bes\u00f8ket\t<\/h1>\n\t<p>Alt du trenger for \u00e5 f\u00e5 en god opplevelse hos oss<\/p>\n\t\t\t\t<a href=\"https:\/\/vitensenternordland.no\/forside\/hva-skjer\/\"  target=\"_self\" itemprop=\"url\">\n\t\t\t\t<img decoding=\"async\" src=\"https:\/\/vitensenternordland.no\/wp-content\/uploads\/2026\/01\/apningstider.png\" alt=\"A\u030apningstider\" itemprop=\"image\" height=\"500\" width=\"500\" title=\"A\u030apningstider\" onerror=\"this.style.display='none'\" loading=\"lazy\" \/>\n\t\t\t\t<\/a>\n<h2><a href=\"https:\/\/vitensenternordland.no\/forside\/hva-skjer\/\" target=\"_self\">\u00c5PNINGSTIDER<\/a><\/h2><p>N\u00e5r vi har \u00e5pent &#8211; ogs\u00e5 i ferier.<\/p>\n<a href=\"https:\/\/vitensenternordland.no\/forside\/hva-skjer\/\"  target=\"_self\">Les mer<\/a>\t\n\t\t\t\t<a href=\"https:\/\/webshop.vitensenternordland.no\/Detaljer\/EVENT\/22\/\"  target=\"_self\" itemprop=\"url\">\n\t\t\t\t<img decoding=\"async\" src=\"https:\/\/vitensenternordland.no\/wp-content\/uploads\/2026\/02\/billetter-1.png\" alt=\"Billetter (1)\" itemprop=\"image\" height=\"500\" width=\"500\" title=\"Billetter (1)\" onerror=\"this.style.display='none'\" loading=\"lazy\" \/>\n\t\t\t\t<\/a>\n<h2><a href=\"https:\/\/webshop.vitensenternordland.no\/Detaljer\/EVENT\/22\/\" target=\"_self\">BILLETTER<\/a><\/h2><p>Bestill billetter her.<\/p>\n<a href=\"https:\/\/webshop.vitensenternordland.no\/Detaljer\/EVENT\/22\/\"  target=\"_self\">Les mer<\/a>\t\n\t\t\t\t<a href=\"https:\/\/vitensenternordland.no\/besok-oss\/\"  target=\"_self\" itemprop=\"url\">\n\t\t\t\t<img decoding=\"async\" src=\"https:\/\/vitensenternordland.no\/wp-content\/uploads\/2026\/01\/17.png\" alt=\"Oppm\u00f8te\" itemprop=\"image\" height=\"500\" width=\"500\" title=\"Oppm\u00f8te\" onerror=\"this.style.display='none'\" loading=\"lazy\" \/>\n\t\t\t\t<\/a>\n<h2><a href=\"https:\/\/vitensenternordland.no\/besok-oss\/\" target=\"_self\">Planlegg bes\u00f8ket<\/a><\/h2><p>Adkomst, parkering og kollektivtransport.<\/p>\n<a href=\"https:\/\/vitensenternordland.no\/besok-oss\/\"  target=\"_self\">Les mer<\/a>\t\n<h1>\n\t\t\tUtforsk utstillingene\t<\/h1>\n\t<p>Opplev naturvitenskap, teknologi og matematikk gjennom spennende. interaktive utstillinger som engasjerer b\u00e5de sm\u00e5 og store. Her kan hele familien utforske sammen &#8211; stille sp\u00f8rsm\u00e5l, teste ideer og oppdage hvordan verden faktisk henger sammen.<\/p>\n<p>Utstillingene er organisert i tematiske omr\u00e5der som inviterer til nysgjerrighet og aktiv deltakelse. Utforsk fenomener du kanskje har lurt p\u00e5 f\u00f8r, test reaksjonsevnen din, bygg konstruksjoner, l\u00f8s utfordringer og l\u00e6r gjennom \u00e5 pr\u00f8ve selv. Hos oss er det lov \u00e5 eksperimentere, feile og pr\u00f8ve p\u00e5 nytt &#8211; for det er slik ekte forst\u00e5else vokser fram.<\/p>\n<p>G\u00e5 p\u00e5 oppdagelsesferd i ditt eget tempo, og la nysgjerrigheten lede veien. Hver sone byr p\u00e5 nye opplevelser og mestringsf\u00f8lelse underveis. Her handler det ikke bare om \u00e5 se &#8211; men om \u00e5 gj\u00f8re, oppleve og forst\u00e5!<\/p>\n\t\t\t<a href=\"https:\/\/vitensenternordland.no\/utstillinger\/\" target=\"_self\">\n\t\t\t\t\t\t\tUtforsk utstillingene\n\t\t\t\t\t<\/a>\n\t\t\t\t<a href=\"https:\/\/vitensenternordland.no\/utstillinger\/\"  target=\"_self\" itemprop=\"url\">\n\t\t\t\t<img decoding=\"async\" src=\"https:\/\/vitensenternordland.no\/wp-content\/uploads\/2026\/01\/utstillinger-og-opplevelser-1.png\" alt=\"Utstillinger og opplevelser\" itemprop=\"image\" height=\"500\" width=\"500\" title=\"Utstillinger og opplevelser\" onerror=\"this.style.display='none'\" loading=\"lazy\" \/>\n\t\t\t\t<\/a>\n<h1>\n\t\t\tTakk til v\u00e5re samarbeidspartnere\t<\/h1>\n\t<p>Vitensenter Nordland er muliggjort gjennom st\u00f8tte fra offentlige og private samarbeidspartnere.<\/p>\n\t\t\t\t\t\t<img decoding=\"async\" src=\"https:\/\/vitensenternordland.no\/wp-content\/uploads\/2022\/11\/logoer-samarbeidspartnere-webside-31.png\" alt=\"\" data-no-lazy=\"1\" \/>\t\t\t\t\t\n\t\t\t\t\t\t<img decoding=\"async\" src=\"https:\/\/vitensenternordland.no\/wp-content\/uploads\/2022\/11\/logoer-samarbeidspartnere-webside-13.png\" alt=\"\" data-no-lazy=\"1\" \/>\t\t\t\t\t\n\t\t\t\t\t\t<img decoding=\"async\" src=\"https:\/\/vitensenternordland.no\/wp-content\/uploads\/2022\/11\/3.png\" alt=\"\" data-no-lazy=\"1\" \/>\t\t\t\t\t\n\t\t\t\t\t\t<img decoding=\"async\" src=\"https:\/\/vitensenternordland.no\/wp-content\/uploads\/2022\/11\/logoer-samarbeidspartnere-webside-11.png\" alt=\"\" data-no-lazy=\"1\" \/>\t\t\t\t\t\n\t\t\t\t\t\t<img decoding=\"async\" src=\"https:\/\/vitensenternordland.no\/wp-content\/uploads\/2022\/11\/logoer-samarbeidspartnere-webside-23.png\" alt=\"\" data-no-lazy=\"1\" \/>\t\t\t\t\t\n\t\t\t\t\t\t<img decoding=\"async\" src=\"https:\/\/vitensenternordland.no\/wp-content\/uploads\/2022\/11\/2.png\" alt=\"\" data-no-lazy=\"1\" \/>\t\t\t\t\t\n\t\t\t\t\t\t<img decoding=\"async\" src=\"https:\/\/vitensenternordland.no\/wp-content\/uploads\/2022\/11\/stottet_av_forskningsradet_logo_bokmal_01_weller_rgb.png\" alt=\"Forskningsr\u00e5det\" data-no-lazy=\"1\" \/>\t\t\t\t\t\n\t\t\t\t\t\t<img decoding=\"async\" src=\"https:\/\/vitensenternordland.no\/wp-content\/uploads\/2026\/01\/design-uten-navn-2.png\" alt=\"\" data-no-lazy=\"1\" \/>\t\t\t\t\t\n\t\t\t\t\t\t<img decoding=\"async\" src=\"https:\/\/vitensenternordland.no\/wp-content\/uploads\/2022\/11\/celsa-logo-5.png\" alt=\"Rana kommune\" data-no-lazy=\"1\" \/>\t\t\t\t\t\n\t\t\t\t\t\t<img decoding=\"async\" src=\"https:\/\/vitensenternordland.no\/wp-content\/uploads\/2022\/11\/troms_fylkeskommune_sort_stende.png\" alt=\"\" data-no-lazy=\"1\" \/>\t\t\t\t\t\n\t\t\t\t\t\t<img decoding=\"async\" src=\"https:\/\/vitensenternordland.no\/wp-content\/uploads\/2022\/11\/hovedlogo_ffk_sort_trykk.png\" alt=\"\" data-no-lazy=\"1\" \/>\t\t\t\t\t\n\t\t\t\t\t\t<img decoding=\"async\" src=\"https:\/\/vitensenternordland.no\/wp-content\/uploads\/2026\/03\/design-uten-navn-1.png\" alt=\"\" data-no-lazy=\"1\" \/>\t\t\t\t\t\n\t\t\t<a href=\"https:\/\/vitensenternordland.no\/stott-vitensenteret\/\" target=\"_self\">\n\t\t\t\t\t\t\tBli st\u00f8ttespiller\n\t\t\t\t\t<\/a>\n\t\t\t<a href=\"https:\/\/vitensenternordland.no\/informasjon\/stottespillere\/\" target=\"_self\">\n\t\t\t\t\t\t\tAlle samarbeidspartnere\n\t\t\t\t\t<\/a>\n\n","protected":false},"excerpt":{"rendered":"<p>Utforsk, lek og l\u00e6r &#8211; sammen Et opplevelsessenter for barn, unge og voksne &#8211; med interaktive utstillinger og aktiviteter som vekker nysgjerrighet. SKOLER &#038; BARNEHAGER Undervisning, formidling og opplegg tilpasset trinn Les mer BARN &#038; VOKSNE Sjekk ut hva som skjer p\u00e5 senteret og planlegg bes\u00f8ket! &nbsp; Les mer BEDRIFTER &#038; GRUPPER M\u00f8ter, teambuilding og&hellip;<\/p>\n","protected":false},"author":5,"featured_media":2210,"parent":0,"menu_order":2,"comment_status":"closed","ping_status":"closed","template":"","meta":{"_acf_changed":false,"_analytify_skip_tracking":false,"footnotes":""},"hovedside":[],"infoside":[50],"class_list":["post-2208","page","type-page","status-publish","has-post-thumbnail","hentry","infoside-nei-en"],"acf":[],"yoast_head":"<!-- This site is optimized with the Yoast SEO plugin v27.2 - https:\/\/yoast.com\/product\/yoast-seo-wordpress\/ -->\n<title>Vitensenter Nordland | Mathematics | Natural Science | Technology<\/title>\n<meta name=\"description\" content=\"Vitensenter Nordland is a popular science experience and learning center within mathematics, natural science and technology.\" \/>\n<meta name=\"robots\" content=\"index, follow, max-snippet:-1, max-image-preview:large, max-video-preview:-1\" \/>\n<link rel=\"canonical\" href=\"https:\/\/vitensenternordland.no\/en\/\" \/>\n<meta property=\"og:locale\" content=\"en_US\" \/>\n<meta property=\"og:type\" content=\"article\" \/>\n<meta property=\"og:title\" content=\"Vitensenter Nordland | Mathematics | Natural Science | Technology\" \/>\n<meta property=\"og:description\" content=\"Vitensenter Nordland is a popular science experience and learning center within mathematics, natural science and technology.\" \/>\n<meta property=\"og:url\" content=\"https:\/\/vitensenternordland.no\/en\/\" \/>\n<meta property=\"og:site_name\" content=\"Vitensenter Nordland\" \/>\n<meta property=\"article:publisher\" content=\"https:\/\/www.facebook.com\/VitensenterNordland\" \/>\n<meta property=\"article:modified_time\" content=\"2026-04-17T05:56:59+00:00\" \/>\n<meta property=\"og:image\" content=\"https:\/\/vitensenternordland.no\/wp-content\/uploads\/2020\/09\/img_6070-e1601405999126.jpeg\" \/>\n<meta name=\"twitter:card\" content=\"summary_large_image\" \/>\n<meta name=\"twitter:label1\" content=\"Est. reading time\" \/>\n\t<meta name=\"twitter:data1\" content=\"2 minutes\" \/>\n<script type=\"application\/ld+json\" class=\"yoast-schema-graph\">{\"@context\":\"https:\/\/schema.org\",\"@graph\":[{\"@type\":\"WebPage\",\"@id\":\"https:\/\/vitensenternordland.no\/en\/\",\"url\":\"https:\/\/vitensenternordland.no\/en\/\",\"name\":\"Vitensenter Nordland | Mathematics | Natural Science | Technology\",\"isPartOf\":{\"@id\":\"https:\/\/vitensenternordland.no\/en\/#website\"},\"primaryImageOfPage\":{\"@id\":\"https:\/\/vitensenternordland.no\/en\/#primaryimage\"},\"image\":{\"@id\":\"https:\/\/vitensenternordland.no\/en\/#primaryimage\"},\"thumbnailUrl\":\"https:\/\/vitensenternordland.no\/wp-content\/uploads\/2021\/08\/vitensenterreaksjon-e1629723455151.jpg\",\"datePublished\":\"2022-01-24T20:41:43+00:00\",\"dateModified\":\"2026-04-17T05:56:59+00:00\",\"description\":\"Vitensenter Nordland is a popular science experience and learning center within mathematics, natural science and technology.\",\"breadcrumb\":{\"@id\":\"https:\/\/vitensenternordland.no\/en\/#breadcrumb\"},\"inLanguage\":\"en-US\",\"potentialAction\":[{\"@type\":\"ReadAction\",\"target\":[\"https:\/\/vitensenternordland.no\/en\/\"]}]},{\"@type\":\"ImageObject\",\"inLanguage\":\"en-US\",\"@id\":\"https:\/\/vitensenternordland.no\/en\/#primaryimage\",\"url\":\"https:\/\/vitensenternordland.no\/wp-content\/uploads\/2021\/08\/vitensenterreaksjon-e1629723455151.jpg\",\"contentUrl\":\"https:\/\/vitensenternordland.no\/wp-content\/uploads\/2021\/08\/vitensenterreaksjon-e1629723455151.jpg\",\"width\":1635,\"height\":1200,\"caption\":\"Aktiviteter p\u00e5 Vitensenteret\"},{\"@type\":\"BreadcrumbList\",\"@id\":\"https:\/\/vitensenternordland.no\/en\/#breadcrumb\",\"itemListElement\":[{\"@type\":\"ListItem\",\"position\":1,\"name\":\"Hjem\",\"item\":\"https:\/\/vitensenternordland.no\/en\/\"},{\"@type\":\"ListItem\",\"position\":2,\"name\":\"Home\"}]},{\"@type\":\"WebSite\",\"@id\":\"https:\/\/vitensenternordland.no\/en\/#website\",\"url\":\"https:\/\/vitensenternordland.no\/en\/\",\"name\":\"Vitensenter Nordland\",\"description\":\"Utforskende l\u00e6ring\",\"publisher\":{\"@id\":\"https:\/\/vitensenternordland.no\/en\/#organization\"},\"potentialAction\":[{\"@type\":\"SearchAction\",\"target\":{\"@type\":\"EntryPoint\",\"urlTemplate\":\"https:\/\/vitensenternordland.no\/en\/?s={search_term_string}\"},\"query-input\":{\"@type\":\"PropertyValueSpecification\",\"valueRequired\":true,\"valueName\":\"search_term_string\"}}],\"inLanguage\":\"en-US\"},{\"@type\":\"Organization\",\"@id\":\"https:\/\/vitensenternordland.no\/en\/#organization\",\"name\":\"Vitensenter Nordland\",\"url\":\"https:\/\/vitensenternordland.no\/en\/\",\"logo\":{\"@type\":\"ImageObject\",\"inLanguage\":\"en-US\",\"@id\":\"https:\/\/vitensenternordland.no\/en\/#\/schema\/logo\/image\/\",\"url\":\"https:\/\/vitensenternordland.no\/wp-content\/uploads\/2020\/05\/vitensenter_staende_stor.png\",\"contentUrl\":\"https:\/\/vitensenternordland.no\/wp-content\/uploads\/2020\/05\/vitensenter_staende_stor.png\",\"width\":2000,\"height\":1883,\"caption\":\"Vitensenter Nordland\"},\"image\":{\"@id\":\"https:\/\/vitensenternordland.no\/en\/#\/schema\/logo\/image\/\"},\"sameAs\":[\"https:\/\/www.facebook.com\/VitensenterNordland\",\"https:\/\/www.instagram.com\/vitensenternordland\/\"]}]}<\/script>\n<!-- \/ Yoast SEO plugin. -->","yoast_head_json":{"title":"Vitensenter Nordland | Mathematics | Natural Science | Technology","description":"Vitensenter Nordland is a popular science experience and learning center within mathematics, natural science and technology.","robots":{"index":"index","follow":"follow","max-snippet":"max-snippet:-1","max-image-preview":"max-image-preview:large","max-video-preview":"max-video-preview:-1"},"canonical":"https:\/\/vitensenternordland.no\/en\/","og_locale":"en_US","og_type":"article","og_title":"Vitensenter Nordland | Mathematics | Natural Science | Technology","og_description":"Vitensenter Nordland is a popular science experience and learning center within mathematics, natural science and technology.","og_url":"https:\/\/vitensenternordland.no\/en\/","og_site_name":"Vitensenter Nordland","article_publisher":"https:\/\/www.facebook.com\/VitensenterNordland","article_modified_time":"2026-04-17T05:56:59+00:00","og_image":[{"url":"https:\/\/vitensenternordland.no\/wp-content\/uploads\/2020\/09\/img_6070-e1601405999126.jpeg","type":"","width":"","height":""}],"twitter_card":"summary_large_image","twitter_misc":{"Est. reading time":"2 minutes"},"schema":{"@context":"https:\/\/schema.org","@graph":[{"@type":"WebPage","@id":"https:\/\/vitensenternordland.no\/en\/","url":"https:\/\/vitensenternordland.no\/en\/","name":"Vitensenter Nordland | Mathematics | Natural Science | Technology","isPartOf":{"@id":"https:\/\/vitensenternordland.no\/en\/#website"},"primaryImageOfPage":{"@id":"https:\/\/vitensenternordland.no\/en\/#primaryimage"},"image":{"@id":"https:\/\/vitensenternordland.no\/en\/#primaryimage"},"thumbnailUrl":"https:\/\/vitensenternordland.no\/wp-content\/uploads\/2021\/08\/vitensenterreaksjon-e1629723455151.jpg","datePublished":"2022-01-24T20:41:43+00:00","dateModified":"2026-04-17T05:56:59+00:00","description":"Vitensenter Nordland is a popular science experience and learning center within mathematics, natural science and technology.","breadcrumb":{"@id":"https:\/\/vitensenternordland.no\/en\/#breadcrumb"},"inLanguage":"en-US","potentialAction":[{"@type":"ReadAction","target":["https:\/\/vitensenternordland.no\/en\/"]}]},{"@type":"ImageObject","inLanguage":"en-US","@id":"https:\/\/vitensenternordland.no\/en\/#primaryimage","url":"https:\/\/vitensenternordland.no\/wp-content\/uploads\/2021\/08\/vitensenterreaksjon-e1629723455151.jpg","contentUrl":"https:\/\/vitensenternordland.no\/wp-content\/uploads\/2021\/08\/vitensenterreaksjon-e1629723455151.jpg","width":1635,"height":1200,"caption":"Aktiviteter p\u00e5 Vitensenteret"},{"@type":"BreadcrumbList","@id":"https:\/\/vitensenternordland.no\/en\/#breadcrumb","itemListElement":[{"@type":"ListItem","position":1,"name":"Hjem","item":"https:\/\/vitensenternordland.no\/en\/"},{"@type":"ListItem","position":2,"name":"Home"}]},{"@type":"WebSite","@id":"https:\/\/vitensenternordland.no\/en\/#website","url":"https:\/\/vitensenternordland.no\/en\/","name":"Vitensenter Nordland","description":"Utforskende l\u00e6ring","publisher":{"@id":"https:\/\/vitensenternordland.no\/en\/#organization"},"potentialAction":[{"@type":"SearchAction","target":{"@type":"EntryPoint","urlTemplate":"https:\/\/vitensenternordland.no\/en\/?s={search_term_string}"},"query-input":{"@type":"PropertyValueSpecification","valueRequired":true,"valueName":"search_term_string"}}],"inLanguage":"en-US"},{"@type":"Organization","@id":"https:\/\/vitensenternordland.no\/en\/#organization","name":"Vitensenter Nordland","url":"https:\/\/vitensenternordland.no\/en\/","logo":{"@type":"ImageObject","inLanguage":"en-US","@id":"https:\/\/vitensenternordland.no\/en\/#\/schema\/logo\/image\/","url":"https:\/\/vitensenternordland.no\/wp-content\/uploads\/2020\/05\/vitensenter_staende_stor.png","contentUrl":"https:\/\/vitensenternordland.no\/wp-content\/uploads\/2020\/05\/vitensenter_staende_stor.png","width":2000,"height":1883,"caption":"Vitensenter Nordland"},"image":{"@id":"https:\/\/vitensenternordland.no\/en\/#\/schema\/logo\/image\/"},"sameAs":["https:\/\/www.facebook.com\/VitensenterNordland","https:\/\/www.instagram.com\/vitensenternordland\/"]}]}},"_links":{"self":[{"href":"https:\/\/vitensenternordland.no\/en\/wp-json\/wp\/v2\/pages\/2208","targetHints":{"allow":["GET"]}}],"collection":[{"href":"https:\/\/vitensenternordland.no\/en\/wp-json\/wp\/v2\/pages"}],"about":[{"href":"https:\/\/vitensenternordland.no\/en\/wp-json\/wp\/v2\/types\/page"}],"author":[{"embeddable":true,"href":"https:\/\/vitensenternordland.no\/en\/wp-json\/wp\/v2\/users\/5"}],"replies":[{"embeddable":true,"href":"https:\/\/vitensenternordland.no\/en\/wp-json\/wp\/v2\/comments?post=2208"}],"version-history":[{"count":0,"href":"https:\/\/vitensenternordland.no\/en\/wp-json\/wp\/v2\/pages\/2208\/revisions"}],"wp:featuredmedia":[{"embeddable":true,"href":"https:\/\/vitensenternordland.no\/en\/wp-json\/wp\/v2\/media\/2210"}],"wp:attachment":[{"href":"https:\/\/vitensenternordland.no\/en\/wp-json\/wp\/v2\/media?parent=2208"}],"wp:term":[{"taxonomy":"hovedside","embeddable":true,"href":"https:\/\/vitensenternordland.no\/en\/wp-json\/wp\/v2\/hovedside?post=2208"},{"taxonomy":"infoside","embeddable":true,"href":"https:\/\/vitensenternordland.no\/en\/wp-json\/wp\/v2\/infoside?post=2208"}],"curies":[{"name":"wp","href":"https:\/\/api.w.org\/{rel}","templated":true}]}}